{"id":6374,"date":"2025-11-25T13:14:53","date_gmt":"2025-11-25T12:14:53","guid":{"rendered":"https:\/\/www.hirtenberg-apotheke.at\/katalog\/produkt\/pascoe-pascoflair-425mg-ueberzogene-tabletten-n1\/"},"modified":"2025-11-25T13:15:23","modified_gmt":"2025-11-25T12:15:23","slug":"pascoe-pascoflair-425mg-ueberzogene-tabletten-n1","status":"publish","type":"product","link":"https:\/\/www.hirtenberg-apotheke.at\/katalog\/produkt\/pascoe-pascoflair-425mg-ueberzogene-tabletten-n1\/","title":{"rendered":"Pascoe PASCOFLAIR 425mg \u00fcberzogene Tabletten N1"},"content":{"rendered":"<p>Pascoflair\u00ae 425mg Tabletten zur Behandlung von nerv\u00f6sen Unruhezust\u00e4nden wie z. B. Stress und Angstzust\u00e4nden, sowie zur Behandlung von nerv\u00f6s bedingten Ein- und Durchschlafst\u00f6rungen.<\/p>\n","protected":false},"excerpt":{"rendered":"<p>Pascoflair\u00ae 425mg Tabletten zur Behandlung von nerv\u00f6sen Unruhezust\u00e4nden wie z. B. Stress und Angstzust\u00e4nden, sowie zur Behandlung von nerv\u00f6s bedingten Ein- und Durchschlafst\u00f6rungen.<\/p>\n","protected":false},"featured_media":6376,"template":"","meta":{"_acf_changed":false},"product_brand":[],"product_cat":[302],"product_tag":[],"class_list":{"0":"post-6374","1":"product","2":"type-product","3":"status-publish","4":"has-post-thumbnail","6":"product_cat-p","7":"pa_packungsgroesse-30-stueck","9":"first","10":"instock","11":"shipping-taxable","12":"purchasable","13":"product-type-simple"},"acf":[],"_links":{"self":[{"href":"https:\/\/www.hirtenberg-apotheke.at\/katalog\/wp-json\/wp\/v2\/product\/6374","targetHints":{"allow":["GET"]}}],"collection":[{"href":"https:\/\/www.hirtenberg-apotheke.at\/katalog\/wp-json\/wp\/v2\/product"}],"about":[{"href":"https:\/\/www.hirtenberg-apotheke.at\/katalog\/wp-json\/wp\/v2\/types\/product"}],"wp:featuredmedia":[{"embeddable":true,"href":"https:\/\/www.hirtenberg-apotheke.at\/katalog\/wp-json\/wp\/v2\/media\/6376"}],"wp:attachment":[{"href":"https:\/\/www.hirtenberg-apotheke.at\/katalog\/wp-json\/wp\/v2\/media?parent=6374"}],"wp:term":[{"taxonomy":"product_brand","embeddable":true,"href":"https:\/\/www.hirtenberg-apotheke.at\/katalog\/wp-json\/wp\/v2\/product_brand?post=6374"},{"taxonomy":"product_cat","embeddable":true,"href":"https:\/\/www.hirtenberg-apotheke.at\/katalog\/wp-json\/wp\/v2\/product_cat?post=6374"},{"taxonomy":"product_tag","embeddable":true,"href":"https:\/\/www.hirtenberg-apotheke.at\/katalog\/wp-json\/wp\/v2\/product_tag?post=6374"}],"curies":[{"name":"wp","href":"https:\/\/api.w.org\/{rel}","templated":true}]}}