{"id":63784,"date":"2025-11-26T20:14:43","date_gmt":"2025-11-26T19:14:43","guid":{"rendered":"https:\/\/www.hirtenberg-apotheke.at\/katalog\/produkt\/twardy-vitamin-cink-depot-tabletten-40-stk\/"},"modified":"2025-11-26T20:14:47","modified_gmt":"2025-11-26T19:14:47","slug":"twardy-vitamin-cink-depot-tabletten-40-stk","status":"publish","type":"product","link":"https:\/\/www.hirtenberg-apotheke.at\/katalog\/produkt\/twardy-vitamin-cink-depot-tabletten-40-stk\/","title":{"rendered":"Twardy Vitamin Cink Depot Tabletten 40 Stk."},"content":{"rendered":"<p>Twardy Vitamin Cink Depot Tabletten versorgen den K\u00f6rper mit Vitamin C und Zink. Gemeinsam tragen sie zu einer normalen Funktion des Immunsystems bei. Aufgrund eines speziellen Herstellungsverfahrens erm\u00f6glichen Vitamin-Cink Depot Tabletten eine langsame und gleichm\u00e4\u00dfige.<\/p>\n","protected":false},"excerpt":{"rendered":"<p>Twardy Vitamin Cink Depot Tabletten versorgen den K\u00f6rper mit Vitamin C und Zink. Gemeinsam tragen sie zu einer normalen Funktion des Immunsystems bei. Aufgrund eines speziellen Herstellungsverfahrens erm\u00f6glichen Vitamin-Cink Depot Tabletten eine langsame und gleichm\u00e4\u00dfige.<\/p>\n","protected":false},"featured_media":0,"template":"","meta":{"_acf_changed":false},"product_brand":[490],"product_cat":[319],"product_tag":[],"class_list":{"0":"post-63784","1":"product","2":"type-product","3":"status-publish","5":"product_brand-twardy","6":"product_cat-t","7":"pa_packungsgroesse-40-stueck","9":"first","10":"instock","11":"shipping-taxable","12":"purchasable","13":"product-type-simple"},"acf":[],"_links":{"self":[{"href":"https:\/\/www.hirtenberg-apotheke.at\/katalog\/wp-json\/wp\/v2\/product\/63784","targetHints":{"allow":["GET"]}}],"collection":[{"href":"https:\/\/www.hirtenberg-apotheke.at\/katalog\/wp-json\/wp\/v2\/product"}],"about":[{"href":"https:\/\/www.hirtenberg-apotheke.at\/katalog\/wp-json\/wp\/v2\/types\/product"}],"wp:attachment":[{"href":"https:\/\/www.hirtenberg-apotheke.at\/katalog\/wp-json\/wp\/v2\/media?parent=63784"}],"wp:term":[{"taxonomy":"product_brand","embeddable":true,"href":"https:\/\/www.hirtenberg-apotheke.at\/katalog\/wp-json\/wp\/v2\/product_brand?post=63784"},{"taxonomy":"product_cat","embeddable":true,"href":"https:\/\/www.hirtenberg-apotheke.at\/katalog\/wp-json\/wp\/v2\/product_cat?post=63784"},{"taxonomy":"product_tag","embeddable":true,"href":"https:\/\/www.hirtenberg-apotheke.at\/katalog\/wp-json\/wp\/v2\/product_tag?post=63784"}],"curies":[{"name":"wp","href":"https:\/\/api.w.org\/{rel}","templated":true}]}}