{"id":63834,"date":"2025-11-26T20:15:05","date_gmt":"2025-11-26T19:15:05","guid":{"rendered":"https:\/\/www.hirtenberg-apotheke.at\/katalog\/produkt\/kozbach-milienritzer-rostfrei-683r-1-stk\/"},"modified":"2025-11-26T20:15:33","modified_gmt":"2025-11-26T19:15:33","slug":"kozbach-milienritzer-rostfrei-683r-1-stk","status":"publish","type":"product","link":"https:\/\/www.hirtenberg-apotheke.at\/katalog\/produkt\/kozbach-milienritzer-rostfrei-683r-1-stk\/","title":{"rendered":"Kozbach Milienritzer rostfrei 683r 1 Stk."},"content":{"rendered":"<p>Das Unternehmen Kozbach hat es sich als langj\u00e4hriges Traditionsunternehmen zum Ziel gesetzt, Qualit\u00e4t und Innovation als Unternehmensphilosophie zu betrachten. Qualit\u00e4t &#8211; Innovation &#8211; Know-How seit 1976<\/p>\n","protected":false},"excerpt":{"rendered":"<p>Das Unternehmen Kozbach hat es sich als langj\u00e4hriges Traditionsunternehmen zum Ziel gesetzt, Qualit\u00e4t und Innovation als Unternehmensphilosophie zu betrachten. Qualit\u00e4t &#8211; Innovation &#8211; Know-How seit 1976<\/p>\n","protected":false},"featured_media":63836,"template":"","meta":{"_acf_changed":false},"product_brand":[786],"product_cat":[387],"product_tag":[],"class_list":{"0":"post-63834","1":"product","2":"type-product","3":"status-publish","4":"has-post-thumbnail","6":"product_brand-kozbach","7":"product_cat-k","8":"pa_packungsgroesse-1-stueck","10":"first","11":"instock","12":"shipping-taxable","13":"purchasable","14":"product-type-simple"},"acf":[],"_links":{"self":[{"href":"https:\/\/www.hirtenberg-apotheke.at\/katalog\/wp-json\/wp\/v2\/product\/63834","targetHints":{"allow":["GET"]}}],"collection":[{"href":"https:\/\/www.hirtenberg-apotheke.at\/katalog\/wp-json\/wp\/v2\/product"}],"about":[{"href":"https:\/\/www.hirtenberg-apotheke.at\/katalog\/wp-json\/wp\/v2\/types\/product"}],"wp:featuredmedia":[{"embeddable":true,"href":"https:\/\/www.hirtenberg-apotheke.at\/katalog\/wp-json\/wp\/v2\/media\/63836"}],"wp:attachment":[{"href":"https:\/\/www.hirtenberg-apotheke.at\/katalog\/wp-json\/wp\/v2\/media?parent=63834"}],"wp:term":[{"taxonomy":"product_brand","embeddable":true,"href":"https:\/\/www.hirtenberg-apotheke.at\/katalog\/wp-json\/wp\/v2\/product_brand?post=63834"},{"taxonomy":"product_cat","embeddable":true,"href":"https:\/\/www.hirtenberg-apotheke.at\/katalog\/wp-json\/wp\/v2\/product_cat?post=63834"},{"taxonomy":"product_tag","embeddable":true,"href":"https:\/\/www.hirtenberg-apotheke.at\/katalog\/wp-json\/wp\/v2\/product_tag?post=63834"}],"curies":[{"name":"wp","href":"https:\/\/api.w.org\/{rel}","templated":true}]}}