{"id":63878,"date":"2025-11-26T20:16:13","date_gmt":"2025-11-26T19:16:13","guid":{"rendered":"https:\/\/www.hirtenberg-apotheke.at\/katalog\/produkt\/l-erbolario-deo-roll-on-onda-50-ml\/"},"modified":"2025-11-26T20:16:20","modified_gmt":"2025-11-26T19:16:20","slug":"l-erbolario-deo-roll-on-onda-50-ml","status":"publish","type":"product","link":"https:\/\/www.hirtenberg-apotheke.at\/katalog\/produkt\/l-erbolario-deo-roll-on-onda-50-ml\/","title":{"rendered":"L Erbolario Deo Roll-on Onda 50 ml"},"content":{"rendered":"<p>L&#8217;Erbolario Deo Roll-on Onda ist f\u00fcr alle Hauttypen und besonders f\u00fcr sehr sensible Haut geeignet. Das Deo bietet Wirksamkeit und Schutz auch f\u00fcr sensible Haut. Um den ganzen Tag \u00fcber frisch zu bleiben, tragen sie das Produkt mit dem praktischen Roll-On auf die gereinigte, trockene Haut auf und lassen es kurz trocknen, bevor sie sich ankleiden. Die dezente Parf\u00fcmierung verst\u00e4rkt das Gef\u00fchl von Frische und Sicherheit.<\/p>\n","protected":false},"excerpt":{"rendered":"<p>L&#8217;Erbolario Deo Roll-on Onda ist f\u00fcr alle Hauttypen und besonders f\u00fcr sehr sensible Haut geeignet. Das Deo bietet Wirksamkeit und Schutz auch f\u00fcr sensible Haut. Um den ganzen Tag \u00fcber frisch zu bleiben, tragen sie das Produkt mit dem praktischen Roll-On auf die gereinigte, trockene Haut auf und lassen es kurz trocknen, bevor sie sich [&hellip;]<\/p>\n","protected":false},"featured_media":63880,"template":"","meta":{"_acf_changed":false},"product_brand":[741],"product_cat":[317],"product_tag":[],"class_list":{"0":"post-63878","1":"product","2":"type-product","3":"status-publish","4":"has-post-thumbnail","6":"product_brand-lerbolario","7":"product_cat-l","8":"pa_packungsgroesse-50ml","10":"first","11":"instock","12":"shipping-taxable","13":"purchasable","14":"product-type-simple"},"acf":[],"_links":{"self":[{"href":"https:\/\/www.hirtenberg-apotheke.at\/katalog\/wp-json\/wp\/v2\/product\/63878","targetHints":{"allow":["GET"]}}],"collection":[{"href":"https:\/\/www.hirtenberg-apotheke.at\/katalog\/wp-json\/wp\/v2\/product"}],"about":[{"href":"https:\/\/www.hirtenberg-apotheke.at\/katalog\/wp-json\/wp\/v2\/types\/product"}],"wp:featuredmedia":[{"embeddable":true,"href":"https:\/\/www.hirtenberg-apotheke.at\/katalog\/wp-json\/wp\/v2\/media\/63880"}],"wp:attachment":[{"href":"https:\/\/www.hirtenberg-apotheke.at\/katalog\/wp-json\/wp\/v2\/media?parent=63878"}],"wp:term":[{"taxonomy":"product_brand","embeddable":true,"href":"https:\/\/www.hirtenberg-apotheke.at\/katalog\/wp-json\/wp\/v2\/product_brand?post=63878"},{"taxonomy":"product_cat","embeddable":true,"href":"https:\/\/www.hirtenberg-apotheke.at\/katalog\/wp-json\/wp\/v2\/product_cat?post=63878"},{"taxonomy":"product_tag","embeddable":true,"href":"https:\/\/www.hirtenberg-apotheke.at\/katalog\/wp-json\/wp\/v2\/product_tag?post=63878"}],"curies":[{"name":"wp","href":"https:\/\/api.w.org\/{rel}","templated":true}]}}