{"id":63939,"date":"2025-11-26T20:17:23","date_gmt":"2025-11-26T19:17:23","guid":{"rendered":"https:\/\/www.hirtenberg-apotheke.at\/katalog\/produkt\/heidelbeer-p-kapseln-2\/"},"modified":"2025-11-26T20:17:34","modified_gmt":"2025-11-26T19:17:34","slug":"heidelbeer-p-kapseln-2","status":"publish","type":"product","link":"https:\/\/www.hirtenberg-apotheke.at\/katalog\/produkt\/heidelbeer-p-kapseln-2\/","title":{"rendered":"Heidelbeer P Kapseln"},"content":{"rendered":"<p>Heidelbeer P GPH Kapseln enthalten 400 mg Heidelbeer-Pulver. Die Anthocyane aus der Heidelbeere st\u00e4rken die Sehkraft, beeinflussen das Sehen bei D\u00e4mmerung g\u00fcnstig und unterst\u00fctzen die schnelle Anpassung der Augen bei grellem Licht. Au\u00dferdem verringert sich die Erm\u00fcdbarkeit der Augen bei D\u00e4mmerung und schwachem Licht. Dieses Produkt erhalten Sie in den Packungsgr\u00f6\u00dfen 60 und 180 St\u00fcck.<\/p>\n","protected":false},"excerpt":{"rendered":"<p>Heidelbeer P GPH Kapseln enthalten 400 mg Heidelbeer-Pulver. Die Anthocyane aus der Heidelbeere st\u00e4rken die Sehkraft, beeinflussen das Sehen bei D\u00e4mmerung g\u00fcnstig und unterst\u00fctzen die schnelle Anpassung der Augen bei grellem Licht. Au\u00dferdem verringert sich die Erm\u00fcdbarkeit der Augen bei D\u00e4mmerung und schwachem Licht. Dieses Produkt erhalten Sie in den Packungsgr\u00f6\u00dfen 60 und 180 St\u00fcck.<\/p>\n","protected":false},"featured_media":63941,"template":"","meta":{"_acf_changed":false},"product_brand":[316],"product_cat":[330],"product_tag":[],"class_list":{"0":"post-63939","1":"product","2":"type-product","3":"status-publish","4":"has-post-thumbnail","6":"product_brand-gall-pharma","7":"product_cat-h","8":"pa_packungsgroesse-60-stueck","10":"first","11":"instock","12":"shipping-taxable","13":"purchasable","14":"product-type-simple"},"acf":[],"_links":{"self":[{"href":"https:\/\/www.hirtenberg-apotheke.at\/katalog\/wp-json\/wp\/v2\/product\/63939","targetHints":{"allow":["GET"]}}],"collection":[{"href":"https:\/\/www.hirtenberg-apotheke.at\/katalog\/wp-json\/wp\/v2\/product"}],"about":[{"href":"https:\/\/www.hirtenberg-apotheke.at\/katalog\/wp-json\/wp\/v2\/types\/product"}],"wp:featuredmedia":[{"embeddable":true,"href":"https:\/\/www.hirtenberg-apotheke.at\/katalog\/wp-json\/wp\/v2\/media\/63941"}],"wp:attachment":[{"href":"https:\/\/www.hirtenberg-apotheke.at\/katalog\/wp-json\/wp\/v2\/media?parent=63939"}],"wp:term":[{"taxonomy":"product_brand","embeddable":true,"href":"https:\/\/www.hirtenberg-apotheke.at\/katalog\/wp-json\/wp\/v2\/product_brand?post=63939"},{"taxonomy":"product_cat","embeddable":true,"href":"https:\/\/www.hirtenberg-apotheke.at\/katalog\/wp-json\/wp\/v2\/product_cat?post=63939"},{"taxonomy":"product_tag","embeddable":true,"href":"https:\/\/www.hirtenberg-apotheke.at\/katalog\/wp-json\/wp\/v2\/product_tag?post=63939"}],"curies":[{"name":"wp","href":"https:\/\/api.w.org\/{rel}","templated":true}]}}