{"id":6401,"date":"2025-11-25T13:14:53","date_gmt":"2025-11-25T12:14:53","guid":{"rendered":"https:\/\/www.hirtenberg-apotheke.at\/katalog\/produkt\/alpinamed-passelyt-duo-dragees\/"},"modified":"2025-11-25T13:15:45","modified_gmt":"2025-11-25T12:15:45","slug":"alpinamed-passelyt-duo-dragees","status":"publish","type":"product","link":"https:\/\/www.hirtenberg-apotheke.at\/katalog\/produkt\/alpinamed-passelyt-duo-dragees\/","title":{"rendered":"Alpinamed Passelyt Duo Dragees"},"content":{"rendered":"<p>Alpinamed\u00ae Passelyt Duo Dragees sind ein pflanzliches Arzneimittel welches bei nerv\u00f6ser Unruhe und Schlafst\u00f6rungen hilft. Diese Dragees sind in den Packungsgr\u00f6\u00dfen 30 und 60 St\u00fcck erh\u00e4ltlich.<\/p>\n","protected":false},"excerpt":{"rendered":"<p>Alpinamed\u00ae Passelyt Duo Dragees sind ein pflanzliches Arzneimittel welches bei nerv\u00f6ser Unruhe und Schlafst\u00f6rungen hilft. Diese Dragees sind in den Packungsgr\u00f6\u00dfen 30 und 60 St\u00fcck erh\u00e4ltlich.<\/p>\n","protected":false},"featured_media":6403,"template":"","meta":{"_acf_changed":false},"product_brand":[298],"product_cat":[299],"product_tag":[],"class_list":{"0":"post-6401","1":"product","2":"type-product","3":"status-publish","4":"has-post-thumbnail","6":"product_brand-alpinamed","7":"product_cat-a","8":"pa_packungsgroesse-60-stueck","10":"first","11":"instock","12":"shipping-taxable","13":"purchasable","14":"product-type-simple"},"acf":[],"_links":{"self":[{"href":"https:\/\/www.hirtenberg-apotheke.at\/katalog\/wp-json\/wp\/v2\/product\/6401","targetHints":{"allow":["GET"]}}],"collection":[{"href":"https:\/\/www.hirtenberg-apotheke.at\/katalog\/wp-json\/wp\/v2\/product"}],"about":[{"href":"https:\/\/www.hirtenberg-apotheke.at\/katalog\/wp-json\/wp\/v2\/types\/product"}],"wp:featuredmedia":[{"embeddable":true,"href":"https:\/\/www.hirtenberg-apotheke.at\/katalog\/wp-json\/wp\/v2\/media\/6403"}],"wp:attachment":[{"href":"https:\/\/www.hirtenberg-apotheke.at\/katalog\/wp-json\/wp\/v2\/media?parent=6401"}],"wp:term":[{"taxonomy":"product_brand","embeddable":true,"href":"https:\/\/www.hirtenberg-apotheke.at\/katalog\/wp-json\/wp\/v2\/product_brand?post=6401"},{"taxonomy":"product_cat","embeddable":true,"href":"https:\/\/www.hirtenberg-apotheke.at\/katalog\/wp-json\/wp\/v2\/product_cat?post=6401"},{"taxonomy":"product_tag","embeddable":true,"href":"https:\/\/www.hirtenberg-apotheke.at\/katalog\/wp-json\/wp\/v2\/product_tag?post=6401"}],"curies":[{"name":"wp","href":"https:\/\/api.w.org\/{rel}","templated":true}]}}