{"id":64015,"date":"2025-11-26T20:18:34","date_gmt":"2025-11-26T19:18:34","guid":{"rendered":"https:\/\/www.hirtenberg-apotheke.at\/katalog\/produkt\/inkontinenz-urinalkond-wide-mittel-30-stk\/"},"modified":"2025-11-26T20:18:40","modified_gmt":"2025-11-26T19:18:40","slug":"inkontinenz-urinalkond-wide-mittel-30-stk","status":"publish","type":"product","link":"https:\/\/www.hirtenberg-apotheke.at\/katalog\/produkt\/inkontinenz-urinalkond-wide-mittel-30-stk\/","title":{"rendered":"Inkontinenz Urinalkond Wide Mittel 30 Stk."},"content":{"rendered":"<p>Inkontinenz Urinalkond Wide ist ein innovatives Urinal-Kondom mit 70% mehr Haftungsfl\u00e4che. Das selbsthaftende, transparente, geruchsfreie und atmungsaktive Produkt ist bestens geeignet f\u00fcr Rollstuhlfahrer. Das latexfreie Material sch\u00fctzt vor Allergien und Irritationen.<\/p>\n","protected":false},"excerpt":{"rendered":"<p>Inkontinenz Urinalkond Wide ist ein innovatives Urinal-Kondom mit 70% mehr Haftungsfl\u00e4che. Das selbsthaftende, transparente, geruchsfreie und atmungsaktive Produkt ist bestens geeignet f\u00fcr Rollstuhlfahrer. Das latexfreie Material sch\u00fctzt vor Allergien und Irritationen.<\/p>\n","protected":false},"featured_media":0,"template":"","meta":{"_acf_changed":false},"product_brand":[],"product_cat":[370],"product_tag":[],"class_list":{"0":"post-64015","1":"product","2":"type-product","3":"status-publish","5":"product_cat-i","6":"pa_packungsgroesse-30-stueck","8":"first","9":"instock","10":"shipping-taxable","11":"purchasable","12":"product-type-simple"},"acf":[],"_links":{"self":[{"href":"https:\/\/www.hirtenberg-apotheke.at\/katalog\/wp-json\/wp\/v2\/product\/64015","targetHints":{"allow":["GET"]}}],"collection":[{"href":"https:\/\/www.hirtenberg-apotheke.at\/katalog\/wp-json\/wp\/v2\/product"}],"about":[{"href":"https:\/\/www.hirtenberg-apotheke.at\/katalog\/wp-json\/wp\/v2\/types\/product"}],"wp:attachment":[{"href":"https:\/\/www.hirtenberg-apotheke.at\/katalog\/wp-json\/wp\/v2\/media?parent=64015"}],"wp:term":[{"taxonomy":"product_brand","embeddable":true,"href":"https:\/\/www.hirtenberg-apotheke.at\/katalog\/wp-json\/wp\/v2\/product_brand?post=64015"},{"taxonomy":"product_cat","embeddable":true,"href":"https:\/\/www.hirtenberg-apotheke.at\/katalog\/wp-json\/wp\/v2\/product_cat?post=64015"},{"taxonomy":"product_tag","embeddable":true,"href":"https:\/\/www.hirtenberg-apotheke.at\/katalog\/wp-json\/wp\/v2\/product_tag?post=64015"}],"curies":[{"name":"wp","href":"https:\/\/api.w.org\/{rel}","templated":true}]}}