{"id":64017,"date":"2025-11-26T20:18:34","date_gmt":"2025-11-26T19:18:34","guid":{"rendered":"https:\/\/www.hirtenberg-apotheke.at\/katalog\/produkt\/adler-bachblueten-set-mit-40-flaschen-10-ml-im-karton-1-pkg\/"},"modified":"2025-11-26T20:18:43","modified_gmt":"2025-11-26T19:18:43","slug":"adler-bachblueten-set-mit-40-flaschen-10-ml-im-karton-1-pkg","status":"publish","type":"product","link":"https:\/\/www.hirtenberg-apotheke.at\/katalog\/produkt\/adler-bachblueten-set-mit-40-flaschen-10-ml-im-karton-1-pkg\/","title":{"rendered":"Adler Bachbl\u00fcten Set mit 40 Flaschen (10 ml) im Karton 1 Pkg."},"content":{"rendered":"<p>Adler Bachbl\u00fcten Set mit 40 Flaschen (10 ml) im Karton 1 Pkg. ist eine Sammlung aller 38 Bachbl\u00fctenessenzen in der 10 ml Variante mit zus\u00e4tzlich zwei Flaschen 5 flower\u00ae Tropfen zu je 10 ml, der klassischen Bachbl\u00fctenkombination<\/p>\n","protected":false},"excerpt":{"rendered":"<p>Adler Bachbl\u00fcten Set mit 40 Flaschen (10 ml) im Karton 1 Pkg. ist eine Sammlung aller 38 Bachbl\u00fctenessenzen in der 10 ml Variante mit zus\u00e4tzlich zwei Flaschen 5 flower\u00ae Tropfen zu je 10 ml, der klassischen Bachbl\u00fctenkombination<\/p>\n","protected":false},"featured_media":64019,"template":"","meta":{"_acf_changed":false},"product_brand":[920],"product_cat":[299],"product_tag":[],"class_list":{"0":"post-64017","1":"product","2":"type-product","3":"status-publish","4":"has-post-thumbnail","6":"product_brand-adler-pharma","7":"product_cat-a","8":"pa_packungsgroesse-40-stueck","10":"first","11":"instock","12":"shipping-taxable","13":"purchasable","14":"product-type-simple"},"acf":[],"_links":{"self":[{"href":"https:\/\/www.hirtenberg-apotheke.at\/katalog\/wp-json\/wp\/v2\/product\/64017","targetHints":{"allow":["GET"]}}],"collection":[{"href":"https:\/\/www.hirtenberg-apotheke.at\/katalog\/wp-json\/wp\/v2\/product"}],"about":[{"href":"https:\/\/www.hirtenberg-apotheke.at\/katalog\/wp-json\/wp\/v2\/types\/product"}],"wp:featuredmedia":[{"embeddable":true,"href":"https:\/\/www.hirtenberg-apotheke.at\/katalog\/wp-json\/wp\/v2\/media\/64019"}],"wp:attachment":[{"href":"https:\/\/www.hirtenberg-apotheke.at\/katalog\/wp-json\/wp\/v2\/media?parent=64017"}],"wp:term":[{"taxonomy":"product_brand","embeddable":true,"href":"https:\/\/www.hirtenberg-apotheke.at\/katalog\/wp-json\/wp\/v2\/product_brand?post=64017"},{"taxonomy":"product_cat","embeddable":true,"href":"https:\/\/www.hirtenberg-apotheke.at\/katalog\/wp-json\/wp\/v2\/product_cat?post=64017"},{"taxonomy":"product_tag","embeddable":true,"href":"https:\/\/www.hirtenberg-apotheke.at\/katalog\/wp-json\/wp\/v2\/product_tag?post=64017"}],"curies":[{"name":"wp","href":"https:\/\/api.w.org\/{rel}","templated":true}]}}