{"id":64151,"date":"2025-11-26T20:20:16","date_gmt":"2025-11-26T19:20:16","guid":{"rendered":"https:\/\/www.hirtenberg-apotheke.at\/katalog\/produkt\/life-light-omega-3-plus-kapseln-120-stk\/"},"modified":"2025-11-26T20:20:52","modified_gmt":"2025-11-26T19:20:52","slug":"life-light-omega-3-plus-kapseln-120-stk","status":"publish","type":"product","link":"https:\/\/www.hirtenberg-apotheke.at\/katalog\/produkt\/life-light-omega-3-plus-kapseln-120-stk\/","title":{"rendered":"Life Light Omega 3 plus Kapseln 120 Stk."},"content":{"rendered":"<p>Life Light Omega 3 Kapseln enthalten neben Omega 3 noch zellsch\u00fctzendes Vitamin E. Omega 3 Fetts\u00e4uren z\u00e4hlen zur Gruppe der mehrfach unges\u00e4ttigten Fetts\u00e4uren, die vom menschlichen K\u00f6rper nicht selbst gebildet werden k\u00f6nnen. Sie m\u00fcssen laufend \u00fcber die Nahrung zugef\u00fchrt werden. EPA und DHA unterst\u00fctzen bei einer t\u00e4glichen Aufnahme die normale Herz- und Gehirnfunktion.<\/p>\n","protected":false},"excerpt":{"rendered":"<p>Life Light Omega 3 Kapseln enthalten neben Omega 3 noch zellsch\u00fctzendes Vitamin E. Omega 3 Fetts\u00e4uren z\u00e4hlen zur Gruppe der mehrfach unges\u00e4ttigten Fetts\u00e4uren, die vom menschlichen K\u00f6rper nicht selbst gebildet werden k\u00f6nnen. Sie m\u00fcssen laufend \u00fcber die Nahrung zugef\u00fchrt werden. EPA und DHA unterst\u00fctzen bei einer t\u00e4glichen Aufnahme die normale Herz- und Gehirnfunktion.<\/p>\n","protected":false},"featured_media":64153,"template":"","meta":{"_acf_changed":false},"product_brand":[],"product_cat":[317],"product_tag":[],"class_list":{"0":"post-64151","1":"product","2":"type-product","3":"status-publish","4":"has-post-thumbnail","6":"product_cat-l","7":"pa_packungsgroesse-120-stueck","9":"first","10":"instock","11":"shipping-taxable","12":"purchasable","13":"product-type-simple"},"acf":[],"_links":{"self":[{"href":"https:\/\/www.hirtenberg-apotheke.at\/katalog\/wp-json\/wp\/v2\/product\/64151","targetHints":{"allow":["GET"]}}],"collection":[{"href":"https:\/\/www.hirtenberg-apotheke.at\/katalog\/wp-json\/wp\/v2\/product"}],"about":[{"href":"https:\/\/www.hirtenberg-apotheke.at\/katalog\/wp-json\/wp\/v2\/types\/product"}],"wp:featuredmedia":[{"embeddable":true,"href":"https:\/\/www.hirtenberg-apotheke.at\/katalog\/wp-json\/wp\/v2\/media\/64153"}],"wp:attachment":[{"href":"https:\/\/www.hirtenberg-apotheke.at\/katalog\/wp-json\/wp\/v2\/media?parent=64151"}],"wp:term":[{"taxonomy":"product_brand","embeddable":true,"href":"https:\/\/www.hirtenberg-apotheke.at\/katalog\/wp-json\/wp\/v2\/product_brand?post=64151"},{"taxonomy":"product_cat","embeddable":true,"href":"https:\/\/www.hirtenberg-apotheke.at\/katalog\/wp-json\/wp\/v2\/product_cat?post=64151"},{"taxonomy":"product_tag","embeddable":true,"href":"https:\/\/www.hirtenberg-apotheke.at\/katalog\/wp-json\/wp\/v2\/product_tag?post=64151"}],"curies":[{"name":"wp","href":"https:\/\/api.w.org\/{rel}","templated":true}]}}