{"id":64347,"date":"2025-11-26T20:24:05","date_gmt":"2025-11-26T19:24:05","guid":{"rendered":"https:\/\/www.hirtenberg-apotheke.at\/katalog\/produkt\/life-light-selenmethionin-kapseln-60-stk\/"},"modified":"2025-11-26T20:24:15","modified_gmt":"2025-11-26T19:24:15","slug":"life-light-selenmethionin-kapseln-60-stk","status":"publish","type":"product","link":"https:\/\/www.hirtenberg-apotheke.at\/katalog\/produkt\/life-light-selenmethionin-kapseln-60-stk\/","title":{"rendered":"Life Light Selenmethionin Kapseln 60 Stk."},"content":{"rendered":"<p>Life Light Selenmethionin Kapseln tragen zu einer normalen Schilddr\u00fcsenfunktion sowie zur Erhaltung normaler Haare und N\u00e4gel bei. Der Mineralstoff Selen leistet einen Beitrag zu einer regul\u00e4ren Spermabildung und einer normalen Funktion des Immunsystems. Au\u00dferdem tr\u00e4gt es dazu bei, Zellen vor oxidativem Stress zu sch\u00fctzen.<\/p>\n","protected":false},"excerpt":{"rendered":"<p>Life Light Selenmethionin Kapseln tragen zu einer normalen Schilddr\u00fcsenfunktion sowie zur Erhaltung normaler Haare und N\u00e4gel bei. Der Mineralstoff Selen leistet einen Beitrag zu einer regul\u00e4ren Spermabildung und einer normalen Funktion des Immunsystems. Au\u00dferdem tr\u00e4gt es dazu bei, Zellen vor oxidativem Stress zu sch\u00fctzen.<\/p>\n","protected":false},"featured_media":64349,"template":"","meta":{"_acf_changed":false},"product_brand":[],"product_cat":[317],"product_tag":[],"class_list":{"0":"post-64347","1":"product","2":"type-product","3":"status-publish","4":"has-post-thumbnail","6":"product_cat-l","7":"pa_packungsgroesse-60-stueck","9":"first","10":"instock","11":"shipping-taxable","12":"purchasable","13":"product-type-simple"},"acf":[],"_links":{"self":[{"href":"https:\/\/www.hirtenberg-apotheke.at\/katalog\/wp-json\/wp\/v2\/product\/64347","targetHints":{"allow":["GET"]}}],"collection":[{"href":"https:\/\/www.hirtenberg-apotheke.at\/katalog\/wp-json\/wp\/v2\/product"}],"about":[{"href":"https:\/\/www.hirtenberg-apotheke.at\/katalog\/wp-json\/wp\/v2\/types\/product"}],"wp:featuredmedia":[{"embeddable":true,"href":"https:\/\/www.hirtenberg-apotheke.at\/katalog\/wp-json\/wp\/v2\/media\/64349"}],"wp:attachment":[{"href":"https:\/\/www.hirtenberg-apotheke.at\/katalog\/wp-json\/wp\/v2\/media?parent=64347"}],"wp:term":[{"taxonomy":"product_brand","embeddable":true,"href":"https:\/\/www.hirtenberg-apotheke.at\/katalog\/wp-json\/wp\/v2\/product_brand?post=64347"},{"taxonomy":"product_cat","embeddable":true,"href":"https:\/\/www.hirtenberg-apotheke.at\/katalog\/wp-json\/wp\/v2\/product_cat?post=64347"},{"taxonomy":"product_tag","embeddable":true,"href":"https:\/\/www.hirtenberg-apotheke.at\/katalog\/wp-json\/wp\/v2\/product_tag?post=64347"}],"curies":[{"name":"wp","href":"https:\/\/api.w.org\/{rel}","templated":true}]}}