{"id":64352,"date":"2025-11-26T20:24:05","date_gmt":"2025-11-26T19:24:05","guid":{"rendered":"https:\/\/www.hirtenberg-apotheke.at\/katalog\/produkt\/gum-trav-ler-inderdentalbuersten-2-0-mm-6-stk\/"},"modified":"2025-11-26T20:24:21","modified_gmt":"2025-11-26T19:24:21","slug":"gum-trav-ler-inderdentalbuersten-2-0-mm-6-stk","status":"publish","type":"product","link":"https:\/\/www.hirtenberg-apotheke.at\/katalog\/produkt\/gum-trav-ler-inderdentalbuersten-2-0-mm-6-stk\/","title":{"rendered":"Gum TRAV-LER Inderdentalb\u00fcrsten 2.0 mm 6 Stk."},"content":{"rendered":"<p>GUM\u00ae TRAV-LER\u00ae Inderdentalb\u00fcrsten (0.84 mm Drahtdurchmesser \/ 2.0 mm Zahnzwischenraum \/ ISO-Norm 6) Kerzenform in grau mit flexiblem, ergonomischem Griff zur besseren Handhabung an schwer erreichbaren Stellen. Der B\u00fcrstenhals aus Kunststoff kann bis zu 90 Grad gebogen werden. Bis zu 25 % bessere Plaqueentfernung dank innovativer Dreiecks-Borstenstruktur. CHX-Beschichtung der Borsten h\u00e4lt die Interdentalb\u00fcrste hygienisch (bis zu 2 Wochen). Einfache Handhabung f\u00fcr hohe Patienten-Compliance.<\/p>\n","protected":false},"excerpt":{"rendered":"<p>GUM\u00ae TRAV-LER\u00ae Inderdentalb\u00fcrsten (0.84 mm Drahtdurchmesser \/ 2.0 mm Zahnzwischenraum \/ ISO-Norm 6) Kerzenform in grau mit flexiblem, ergonomischem Griff zur besseren Handhabung an schwer erreichbaren Stellen. Der B\u00fcrstenhals aus Kunststoff kann bis zu 90 Grad gebogen werden. Bis zu 25 % bessere Plaqueentfernung dank innovativer Dreiecks-Borstenstruktur. CHX-Beschichtung der Borsten h\u00e4lt die Interdentalb\u00fcrste hygienisch (bis [&hellip;]<\/p>\n","protected":false},"featured_media":64354,"template":"","meta":{"_acf_changed":false},"product_brand":[886],"product_cat":[328],"product_tag":[],"class_list":{"0":"post-64352","1":"product","2":"type-product","3":"status-publish","4":"has-post-thumbnail","6":"product_brand-g-u-m","7":"product_cat-g","8":"pa_packungsgroesse-6-stueck","10":"first","11":"instock","12":"shipping-taxable","13":"purchasable","14":"product-type-simple"},"acf":[],"_links":{"self":[{"href":"https:\/\/www.hirtenberg-apotheke.at\/katalog\/wp-json\/wp\/v2\/product\/64352","targetHints":{"allow":["GET"]}}],"collection":[{"href":"https:\/\/www.hirtenberg-apotheke.at\/katalog\/wp-json\/wp\/v2\/product"}],"about":[{"href":"https:\/\/www.hirtenberg-apotheke.at\/katalog\/wp-json\/wp\/v2\/types\/product"}],"wp:featuredmedia":[{"embeddable":true,"href":"https:\/\/www.hirtenberg-apotheke.at\/katalog\/wp-json\/wp\/v2\/media\/64354"}],"wp:attachment":[{"href":"https:\/\/www.hirtenberg-apotheke.at\/katalog\/wp-json\/wp\/v2\/media?parent=64352"}],"wp:term":[{"taxonomy":"product_brand","embeddable":true,"href":"https:\/\/www.hirtenberg-apotheke.at\/katalog\/wp-json\/wp\/v2\/product_brand?post=64352"},{"taxonomy":"product_cat","embeddable":true,"href":"https:\/\/www.hirtenberg-apotheke.at\/katalog\/wp-json\/wp\/v2\/product_cat?post=64352"},{"taxonomy":"product_tag","embeddable":true,"href":"https:\/\/www.hirtenberg-apotheke.at\/katalog\/wp-json\/wp\/v2\/product_tag?post=64352"}],"curies":[{"name":"wp","href":"https:\/\/api.w.org\/{rel}","templated":true}]}}