{"id":64392,"date":"2025-11-26T20:24:47","date_gmt":"2025-11-26T19:24:47","guid":{"rendered":"https:\/\/www.hirtenberg-apotheke.at\/katalog\/produkt\/roche-trop-t-sensitive-schnelltest-5-stk\/"},"modified":"2025-11-26T20:25:09","modified_gmt":"2025-11-26T19:25:09","slug":"roche-trop-t-sensitive-schnelltest-5-stk","status":"publish","type":"product","link":"https:\/\/www.hirtenberg-apotheke.at\/katalog\/produkt\/roche-trop-t-sensitive-schnelltest-5-stk\/","title":{"rendered":"Roche TROP T sensitive Schnelltest 5 Stk."},"content":{"rendered":"<p>Roche TROP T\u00ae sensitive Schnelltest f\u00fcr die schnelle Diagnose eines Myokardinfarkts. Patienten mit akutem Koronarsyndrom k\u00f6nnen nun aufgrund der Aussch\u00fcttung eines Herzmuskel-spezifischen biochemischen Markers, wie sie bei einer Myokardnekrose vorliegt, diagnostiziert werden. Auch wenn charakteristische EKG-Ver\u00e4nderungen fehlen, weist ein positiver Roche TROP T\u00ae sensitive-Test auf einen Nicht-ST-Hebungsinfarkt (NSTEMI) hin, dadurch kann eine schnelle Therapieentscheidung unterst\u00fctzt werden.<\/p>\n","protected":false},"excerpt":{"rendered":"<p>Roche TROP T\u00ae sensitive Schnelltest f\u00fcr die schnelle Diagnose eines Myokardinfarkts. Patienten mit akutem Koronarsyndrom k\u00f6nnen nun aufgrund der Aussch\u00fcttung eines Herzmuskel-spezifischen biochemischen Markers, wie sie bei einer Myokardnekrose vorliegt, diagnostiziert werden. Auch wenn charakteristische EKG-Ver\u00e4nderungen fehlen, weist ein positiver Roche TROP T\u00ae sensitive-Test auf einen Nicht-ST-Hebungsinfarkt (NSTEMI) hin, dadurch kann eine schnelle Therapieentscheidung unterst\u00fctzt [&hellip;]<\/p>\n","protected":false},"featured_media":64394,"template":"","meta":{"_acf_changed":false},"product_brand":[],"product_cat":[311],"product_tag":[],"class_list":{"0":"post-64392","1":"product","2":"type-product","3":"status-publish","4":"has-post-thumbnail","6":"product_cat-r","7":"pa_packungsgroesse-5-stueck","9":"first","10":"instock","11":"shipping-taxable","12":"purchasable","13":"product-type-simple"},"acf":[],"_links":{"self":[{"href":"https:\/\/www.hirtenberg-apotheke.at\/katalog\/wp-json\/wp\/v2\/product\/64392","targetHints":{"allow":["GET"]}}],"collection":[{"href":"https:\/\/www.hirtenberg-apotheke.at\/katalog\/wp-json\/wp\/v2\/product"}],"about":[{"href":"https:\/\/www.hirtenberg-apotheke.at\/katalog\/wp-json\/wp\/v2\/types\/product"}],"wp:featuredmedia":[{"embeddable":true,"href":"https:\/\/www.hirtenberg-apotheke.at\/katalog\/wp-json\/wp\/v2\/media\/64394"}],"wp:attachment":[{"href":"https:\/\/www.hirtenberg-apotheke.at\/katalog\/wp-json\/wp\/v2\/media?parent=64392"}],"wp:term":[{"taxonomy":"product_brand","embeddable":true,"href":"https:\/\/www.hirtenberg-apotheke.at\/katalog\/wp-json\/wp\/v2\/product_brand?post=64392"},{"taxonomy":"product_cat","embeddable":true,"href":"https:\/\/www.hirtenberg-apotheke.at\/katalog\/wp-json\/wp\/v2\/product_cat?post=64392"},{"taxonomy":"product_tag","embeddable":true,"href":"https:\/\/www.hirtenberg-apotheke.at\/katalog\/wp-json\/wp\/v2\/product_tag?post=64392"}],"curies":[{"name":"wp","href":"https:\/\/api.w.org\/{rel}","templated":true}]}}