{"id":64475,"date":"2025-11-26T20:26:10","date_gmt":"2025-11-26T19:26:10","guid":{"rendered":"https:\/\/www.hirtenberg-apotheke.at\/katalog\/produkt\/glucosamin-naturell-500-mg-dragees-60-stk\/"},"modified":"2025-11-26T20:27:03","modified_gmt":"2025-11-26T19:27:03","slug":"glucosamin-naturell-500-mg-dragees-60-stk","status":"publish","type":"product","link":"https:\/\/www.hirtenberg-apotheke.at\/katalog\/produkt\/glucosamin-naturell-500-mg-dragees-60-stk\/","title":{"rendered":"Glucosamin Naturell 500 mg Dragees 60 Stk."},"content":{"rendered":"<p>Glucosamin Naturell 500 ist ein Nahrungserg\u00e4nzungsmittel zur Unterst\u00fctzung von Knorpel und Knochen. Die t\u00e4gliche Belastung der Gelenke kann mit der Zeit zu Verschlei\u00dferscheinungen f\u00fchren. Achten Sie daher ein Leben lang auf Ihre Gelenke! Jedes Glucosamin-Dragee enth\u00e4lt 500 mg Glucosaminsulfat, das zur Erhaltung der gesunden Gelenkfunktion beitragen kann. Neben Glucosamin, einem nat\u00fcrlich vorkommenden Zucker Molek\u00fcl enth\u00e4lt das Produkt Vitamin C, das zu einer normalen Kollagenbildung und zu einer normalen Funktion von Knochen und Knorpel beitr\u00e4gt.<\/p>\n","protected":false},"excerpt":{"rendered":"<p>Glucosamin Naturell 500 ist ein Nahrungserg\u00e4nzungsmittel zur Unterst\u00fctzung von Knorpel und Knochen. Die t\u00e4gliche Belastung der Gelenke kann mit der Zeit zu Verschlei\u00dferscheinungen f\u00fchren. Achten Sie daher ein Leben lang auf Ihre Gelenke! Jedes Glucosamin-Dragee enth\u00e4lt 500 mg Glucosaminsulfat, das zur Erhaltung der gesunden Gelenkfunktion beitragen kann. Neben Glucosamin, einem nat\u00fcrlich vorkommenden Zucker Molek\u00fcl enth\u00e4lt [&hellip;]<\/p>\n","protected":false},"featured_media":64477,"template":"","meta":{"_acf_changed":false},"product_brand":[],"product_cat":[328],"product_tag":[],"class_list":{"0":"post-64475","1":"product","2":"type-product","3":"status-publish","4":"has-post-thumbnail","6":"product_cat-g","7":"pa_packungsgroesse-60-stueck","9":"first","10":"instock","11":"shipping-taxable","12":"purchasable","13":"product-type-simple"},"acf":[],"_links":{"self":[{"href":"https:\/\/www.hirtenberg-apotheke.at\/katalog\/wp-json\/wp\/v2\/product\/64475","targetHints":{"allow":["GET"]}}],"collection":[{"href":"https:\/\/www.hirtenberg-apotheke.at\/katalog\/wp-json\/wp\/v2\/product"}],"about":[{"href":"https:\/\/www.hirtenberg-apotheke.at\/katalog\/wp-json\/wp\/v2\/types\/product"}],"wp:featuredmedia":[{"embeddable":true,"href":"https:\/\/www.hirtenberg-apotheke.at\/katalog\/wp-json\/wp\/v2\/media\/64477"}],"wp:attachment":[{"href":"https:\/\/www.hirtenberg-apotheke.at\/katalog\/wp-json\/wp\/v2\/media?parent=64475"}],"wp:term":[{"taxonomy":"product_brand","embeddable":true,"href":"https:\/\/www.hirtenberg-apotheke.at\/katalog\/wp-json\/wp\/v2\/product_brand?post=64475"},{"taxonomy":"product_cat","embeddable":true,"href":"https:\/\/www.hirtenberg-apotheke.at\/katalog\/wp-json\/wp\/v2\/product_cat?post=64475"},{"taxonomy":"product_tag","embeddable":true,"href":"https:\/\/www.hirtenberg-apotheke.at\/katalog\/wp-json\/wp\/v2\/product_tag?post=64475"}],"curies":[{"name":"wp","href":"https:\/\/api.w.org\/{rel}","templated":true}]}}