{"id":64552,"date":"2025-11-26T20:27:57","date_gmt":"2025-11-26T19:27:57","guid":{"rendered":"https:\/\/www.hirtenberg-apotheke.at\/katalog\/produkt\/sweatstop-aloe-vera-lotion-sensitive-50-ml\/"},"modified":"2025-11-26T20:28:07","modified_gmt":"2025-11-26T19:28:07","slug":"sweatstop-aloe-vera-lotion-sensitive-50-ml","status":"publish","type":"product","link":"https:\/\/www.hirtenberg-apotheke.at\/katalog\/produkt\/sweatstop-aloe-vera-lotion-sensitive-50-ml\/","title":{"rendered":"Sweatstop Aloe Vera Lotion Sensitive 50 ml"},"content":{"rendered":"<p>Sweatstop Aloe Vera Lotion Sensitive hilft gegen leichte Schwei\u00dfbildung im Gesichtsbereich. Aloe Vera, Dexpanthenol (Provitamin B5) und weitere ausgew\u00e4hlte Zusatzstoffe in der richtigen Zusammensetzung sorgen f\u00fcr eine \u00e4u\u00dferst milde und pflegende Anwendung. Gibt Ihnen 48-72 Stunden das Gef\u00fchl der Sicherheit.<\/p>\n","protected":false},"excerpt":{"rendered":"<p>Sweatstop Aloe Vera Lotion Sensitive hilft gegen leichte Schwei\u00dfbildung im Gesichtsbereich. Aloe Vera, Dexpanthenol (Provitamin B5) und weitere ausgew\u00e4hlte Zusatzstoffe in der richtigen Zusammensetzung sorgen f\u00fcr eine \u00e4u\u00dferst milde und pflegende Anwendung. Gibt Ihnen 48-72 Stunden das Gef\u00fchl der Sicherheit.<\/p>\n","protected":false},"featured_media":0,"template":"","meta":{"_acf_changed":false},"product_brand":[],"product_cat":[303],"product_tag":[],"class_list":{"0":"post-64552","1":"product","2":"type-product","3":"status-publish","5":"product_cat-s","6":"pa_packungsgroesse-50ml","8":"first","9":"instock","10":"shipping-taxable","11":"purchasable","12":"product-type-simple"},"acf":[],"_links":{"self":[{"href":"https:\/\/www.hirtenberg-apotheke.at\/katalog\/wp-json\/wp\/v2\/product\/64552","targetHints":{"allow":["GET"]}}],"collection":[{"href":"https:\/\/www.hirtenberg-apotheke.at\/katalog\/wp-json\/wp\/v2\/product"}],"about":[{"href":"https:\/\/www.hirtenberg-apotheke.at\/katalog\/wp-json\/wp\/v2\/types\/product"}],"wp:attachment":[{"href":"https:\/\/www.hirtenberg-apotheke.at\/katalog\/wp-json\/wp\/v2\/media?parent=64552"}],"wp:term":[{"taxonomy":"product_brand","embeddable":true,"href":"https:\/\/www.hirtenberg-apotheke.at\/katalog\/wp-json\/wp\/v2\/product_brand?post=64552"},{"taxonomy":"product_cat","embeddable":true,"href":"https:\/\/www.hirtenberg-apotheke.at\/katalog\/wp-json\/wp\/v2\/product_cat?post=64552"},{"taxonomy":"product_tag","embeddable":true,"href":"https:\/\/www.hirtenberg-apotheke.at\/katalog\/wp-json\/wp\/v2\/product_tag?post=64552"}],"curies":[{"name":"wp","href":"https:\/\/api.w.org\/{rel}","templated":true}]}}