{"id":64665,"date":"2025-11-26T20:29:53","date_gmt":"2025-11-26T19:29:53","guid":{"rendered":"https:\/\/www.hirtenberg-apotheke.at\/katalog\/produkt\/apo-hepat-spag-peka-globuli-10-g-globuli\/"},"modified":"2025-11-26T20:30:10","modified_gmt":"2025-11-26T19:30:10","slug":"apo-hepat-spag-peka-globuli-10-g-globuli","status":"publish","type":"product","link":"https:\/\/www.hirtenberg-apotheke.at\/katalog\/produkt\/apo-hepat-spag-peka-globuli-10-g-globuli\/","title":{"rendered":"Apo-HEPAT Spag.Peka Globuli 10 g Globuli"},"content":{"rendered":"<p>Apo-HEPAT Spag.Peka Globuli dienen zur unterst\u00fctzenden Behandlung von Galle- und Leberbeschwerden mit Verdauungsst\u00f6rungen, Bl\u00e4hungen und Organkr\u00e4mpfen.<\/p>\n","protected":false},"excerpt":{"rendered":"<p>Apo-HEPAT Spag.Peka Globuli dienen zur unterst\u00fctzenden Behandlung von Galle- und Leberbeschwerden mit Verdauungsst\u00f6rungen, Bl\u00e4hungen und Organkr\u00e4mpfen.<\/p>\n","protected":false},"featured_media":64667,"template":"","meta":{"_acf_changed":false},"product_brand":[],"product_cat":[299],"product_tag":[],"class_list":{"0":"post-64665","1":"product","2":"type-product","3":"status-publish","4":"has-post-thumbnail","6":"product_cat-a","7":"pa_packungsgroesse-10g","9":"first","10":"instock","11":"shipping-taxable","12":"purchasable","13":"product-type-simple"},"acf":[],"_links":{"self":[{"href":"https:\/\/www.hirtenberg-apotheke.at\/katalog\/wp-json\/wp\/v2\/product\/64665","targetHints":{"allow":["GET"]}}],"collection":[{"href":"https:\/\/www.hirtenberg-apotheke.at\/katalog\/wp-json\/wp\/v2\/product"}],"about":[{"href":"https:\/\/www.hirtenberg-apotheke.at\/katalog\/wp-json\/wp\/v2\/types\/product"}],"wp:featuredmedia":[{"embeddable":true,"href":"https:\/\/www.hirtenberg-apotheke.at\/katalog\/wp-json\/wp\/v2\/media\/64667"}],"wp:attachment":[{"href":"https:\/\/www.hirtenberg-apotheke.at\/katalog\/wp-json\/wp\/v2\/media?parent=64665"}],"wp:term":[{"taxonomy":"product_brand","embeddable":true,"href":"https:\/\/www.hirtenberg-apotheke.at\/katalog\/wp-json\/wp\/v2\/product_brand?post=64665"},{"taxonomy":"product_cat","embeddable":true,"href":"https:\/\/www.hirtenberg-apotheke.at\/katalog\/wp-json\/wp\/v2\/product_cat?post=64665"},{"taxonomy":"product_tag","embeddable":true,"href":"https:\/\/www.hirtenberg-apotheke.at\/katalog\/wp-json\/wp\/v2\/product_tag?post=64665"}],"curies":[{"name":"wp","href":"https:\/\/api.w.org\/{rel}","templated":true}]}}