{"id":64672,"date":"2025-11-26T20:29:53","date_gmt":"2025-11-26T19:29:53","guid":{"rendered":"https:\/\/www.hirtenberg-apotheke.at\/katalog\/produkt\/urinflasche-basu-f-mann-weiss-i920740-1-stk\/"},"modified":"2025-11-26T20:30:11","modified_gmt":"2025-11-26T19:30:11","slug":"urinflasche-basu-f-mann-weiss-i920740-1-stk","status":"publish","type":"product","link":"https:\/\/www.hirtenberg-apotheke.at\/katalog\/produkt\/urinflasche-basu-f-mann-weiss-i920740-1-stk\/","title":{"rendered":"Urinflasche Basu F Mann Wei\u00df I920740 1 Stk."},"content":{"rendered":"<p>Urinflasche Basu F Mann ist autoclavierbar und aus durchscheinendem wei\u00dfem Polyethylen hergestellt. Die Urinflasche ist mit einem Deckel ausgestattet und fasst ein Volumen von 1000 ml. Dar\u00fcber hinaus ist die Flasche auch graduiert.<\/p>\n","protected":false},"excerpt":{"rendered":"<p>Urinflasche Basu F Mann ist autoclavierbar und aus durchscheinendem wei\u00dfem Polyethylen hergestellt. Die Urinflasche ist mit einem Deckel ausgestattet und fasst ein Volumen von 1000 ml. Dar\u00fcber hinaus ist die Flasche auch graduiert.<\/p>\n","protected":false},"featured_media":0,"template":"","meta":{"_acf_changed":false},"product_brand":[],"product_cat":[358],"product_tag":[],"class_list":{"0":"post-64672","1":"product","2":"type-product","3":"status-publish","5":"product_cat-u","6":"pa_packungsgroesse-1-stueck","8":"first","9":"instock","10":"shipping-taxable","11":"purchasable","12":"product-type-simple"},"acf":[],"_links":{"self":[{"href":"https:\/\/www.hirtenberg-apotheke.at\/katalog\/wp-json\/wp\/v2\/product\/64672","targetHints":{"allow":["GET"]}}],"collection":[{"href":"https:\/\/www.hirtenberg-apotheke.at\/katalog\/wp-json\/wp\/v2\/product"}],"about":[{"href":"https:\/\/www.hirtenberg-apotheke.at\/katalog\/wp-json\/wp\/v2\/types\/product"}],"wp:attachment":[{"href":"https:\/\/www.hirtenberg-apotheke.at\/katalog\/wp-json\/wp\/v2\/media?parent=64672"}],"wp:term":[{"taxonomy":"product_brand","embeddable":true,"href":"https:\/\/www.hirtenberg-apotheke.at\/katalog\/wp-json\/wp\/v2\/product_brand?post=64672"},{"taxonomy":"product_cat","embeddable":true,"href":"https:\/\/www.hirtenberg-apotheke.at\/katalog\/wp-json\/wp\/v2\/product_cat?post=64672"},{"taxonomy":"product_tag","embeddable":true,"href":"https:\/\/www.hirtenberg-apotheke.at\/katalog\/wp-json\/wp\/v2\/product_tag?post=64672"}],"curies":[{"name":"wp","href":"https:\/\/api.w.org\/{rel}","templated":true}]}}