{"id":64674,"date":"2025-11-26T20:29:53","date_gmt":"2025-11-26T19:29:53","guid":{"rendered":"https:\/\/www.hirtenberg-apotheke.at\/katalog\/produkt\/life-light-vitamin-c-bioflavonoiden-kapseln-120-stk\/"},"modified":"2025-11-26T20:30:20","modified_gmt":"2025-11-26T19:30:20","slug":"life-light-vitamin-c-bioflavonoiden-kapseln-120-stk","status":"publish","type":"product","link":"https:\/\/www.hirtenberg-apotheke.at\/katalog\/produkt\/life-light-vitamin-c-bioflavonoiden-kapseln-120-stk\/","title":{"rendered":"Life Light Vitamin C + Bioflavonoiden Kapseln 120 Stk."},"content":{"rendered":"<p>Life Light Vitamin C + Bioflavon Kapseln enthalten ausschlie\u00dflich nat\u00fcrliches Vitamin C. Vitamin C tr\u00e4gt zu einer normalen Kollagenbildung f\u00fcr normale Funktionen der Haut, des Zahnfleischs, der Z\u00e4hne, der Knochen und der Knorpel bei. Au\u00dferdem unterst\u00fctzt es die normale Funktion des Nerven- und Immunsystems und die normale psychische Funktion. Zus\u00e4tzlich verringert es M\u00fcdigkeit und Erm\u00fcdung.<\/p>\n","protected":false},"excerpt":{"rendered":"<p>Life Light Vitamin C + Bioflavon Kapseln enthalten ausschlie\u00dflich nat\u00fcrliches Vitamin C. Vitamin C tr\u00e4gt zu einer normalen Kollagenbildung f\u00fcr normale Funktionen der Haut, des Zahnfleischs, der Z\u00e4hne, der Knochen und der Knorpel bei. Au\u00dferdem unterst\u00fctzt es die normale Funktion des Nerven- und Immunsystems und die normale psychische Funktion. Zus\u00e4tzlich verringert es M\u00fcdigkeit und Erm\u00fcdung.<\/p>\n","protected":false},"featured_media":0,"template":"","meta":{"_acf_changed":false},"product_brand":[],"product_cat":[317],"product_tag":[],"class_list":{"0":"post-64674","1":"product","2":"type-product","3":"status-publish","5":"product_cat-l","6":"pa_packungsgroesse-120-stueck","8":"first","9":"instock","10":"shipping-taxable","11":"purchasable","12":"product-type-simple"},"acf":[],"_links":{"self":[{"href":"https:\/\/www.hirtenberg-apotheke.at\/katalog\/wp-json\/wp\/v2\/product\/64674","targetHints":{"allow":["GET"]}}],"collection":[{"href":"https:\/\/www.hirtenberg-apotheke.at\/katalog\/wp-json\/wp\/v2\/product"}],"about":[{"href":"https:\/\/www.hirtenberg-apotheke.at\/katalog\/wp-json\/wp\/v2\/types\/product"}],"wp:attachment":[{"href":"https:\/\/www.hirtenberg-apotheke.at\/katalog\/wp-json\/wp\/v2\/media?parent=64674"}],"wp:term":[{"taxonomy":"product_brand","embeddable":true,"href":"https:\/\/www.hirtenberg-apotheke.at\/katalog\/wp-json\/wp\/v2\/product_brand?post=64674"},{"taxonomy":"product_cat","embeddable":true,"href":"https:\/\/www.hirtenberg-apotheke.at\/katalog\/wp-json\/wp\/v2\/product_cat?post=64674"},{"taxonomy":"product_tag","embeddable":true,"href":"https:\/\/www.hirtenberg-apotheke.at\/katalog\/wp-json\/wp\/v2\/product_tag?post=64674"}],"curies":[{"name":"wp","href":"https:\/\/api.w.org\/{rel}","templated":true}]}}