{"id":64702,"date":"2025-11-26T20:30:43","date_gmt":"2025-11-26T19:30:43","guid":{"rendered":"https:\/\/www.hirtenberg-apotheke.at\/katalog\/produkt\/darphin-lumiere-essentielle-illuminating-oil-gel-cream-50-ml\/"},"modified":"2025-11-26T20:30:56","modified_gmt":"2025-11-26T19:30:56","slug":"darphin-lumiere-essentielle-illuminating-oil-gel-cream-50-ml","status":"publish","type":"product","link":"https:\/\/www.hirtenberg-apotheke.at\/katalog\/produkt\/darphin-lumiere-essentielle-illuminating-oil-gel-cream-50-ml\/","title":{"rendered":"Darphin Lumiere Essentielle Illuminating Oil Gel-Cream 50 ml"},"content":{"rendered":"<p>Lumiere Essentielle Illuminating Oil Gel-Cream ist eine kaschmir-weiche Gel-Creme mit \u00e4therischen \u00d6len und Pflanzenzucker, um die Haut mit Feuchtigkeit zu versorgen, feine Trockenheitsf\u00e4ltchen zu gl\u00e4tten und f\u00fcr festeres, volleres und strahlenderes Aussehen zu sorgen.<\/p>\n","protected":false},"excerpt":{"rendered":"<p>Lumiere Essentielle Illuminating Oil Gel-Cream ist eine kaschmir-weiche Gel-Creme mit \u00e4therischen \u00d6len und Pflanzenzucker, um die Haut mit Feuchtigkeit zu versorgen, feine Trockenheitsf\u00e4ltchen zu gl\u00e4tten und f\u00fcr festeres, volleres und strahlenderes Aussehen zu sorgen.<\/p>\n","protected":false},"featured_media":64704,"template":"","meta":{"_acf_changed":false},"product_brand":[],"product_cat":[295],"product_tag":[],"class_list":{"0":"post-64702","1":"product","2":"type-product","3":"status-publish","4":"has-post-thumbnail","6":"product_cat-d","7":"pa_packungsgroesse-50ml","9":"first","10":"instock","11":"shipping-taxable","12":"purchasable","13":"product-type-simple"},"acf":[],"_links":{"self":[{"href":"https:\/\/www.hirtenberg-apotheke.at\/katalog\/wp-json\/wp\/v2\/product\/64702","targetHints":{"allow":["GET"]}}],"collection":[{"href":"https:\/\/www.hirtenberg-apotheke.at\/katalog\/wp-json\/wp\/v2\/product"}],"about":[{"href":"https:\/\/www.hirtenberg-apotheke.at\/katalog\/wp-json\/wp\/v2\/types\/product"}],"wp:featuredmedia":[{"embeddable":true,"href":"https:\/\/www.hirtenberg-apotheke.at\/katalog\/wp-json\/wp\/v2\/media\/64704"}],"wp:attachment":[{"href":"https:\/\/www.hirtenberg-apotheke.at\/katalog\/wp-json\/wp\/v2\/media?parent=64702"}],"wp:term":[{"taxonomy":"product_brand","embeddable":true,"href":"https:\/\/www.hirtenberg-apotheke.at\/katalog\/wp-json\/wp\/v2\/product_brand?post=64702"},{"taxonomy":"product_cat","embeddable":true,"href":"https:\/\/www.hirtenberg-apotheke.at\/katalog\/wp-json\/wp\/v2\/product_cat?post=64702"},{"taxonomy":"product_tag","embeddable":true,"href":"https:\/\/www.hirtenberg-apotheke.at\/katalog\/wp-json\/wp\/v2\/product_tag?post=64702"}],"curies":[{"name":"wp","href":"https:\/\/api.w.org\/{rel}","templated":true}]}}