{"id":64714,"date":"2025-11-26T20:30:43","date_gmt":"2025-11-26T19:30:43","guid":{"rendered":"https:\/\/www.hirtenberg-apotheke.at\/katalog\/produkt\/sanoll-baby-creme-po-50-ml\/"},"modified":"2025-11-26T20:31:06","modified_gmt":"2025-11-26T19:31:06","slug":"sanoll-baby-creme-po-50-ml","status":"publish","type":"product","link":"https:\/\/www.hirtenberg-apotheke.at\/katalog\/produkt\/sanoll-baby-creme-po-50-ml\/","title":{"rendered":"Sanoll Baby Creme Po 50 ml"},"content":{"rendered":"<p>Sanoll Babycreme Po bietet einen guten N\u00e4sseschutz f\u00fcr den Windelbereich und wirkt Hautreizungen und Entz\u00fcndungen entgegen. Kein Brennen auf gereizten oder offenen Hautstellen. Sehr reichhaltig, der atmungsaktive Film sch\u00fctzt nachhaltig.<\/p>\n","protected":false},"excerpt":{"rendered":"<p>Sanoll Babycreme Po bietet einen guten N\u00e4sseschutz f\u00fcr den Windelbereich und wirkt Hautreizungen und Entz\u00fcndungen entgegen. Kein Brennen auf gereizten oder offenen Hautstellen. Sehr reichhaltig, der atmungsaktive Film sch\u00fctzt nachhaltig.<\/p>\n","protected":false},"featured_media":64716,"template":"","meta":{"_acf_changed":false},"product_brand":[],"product_cat":[303],"product_tag":[],"class_list":{"0":"post-64714","1":"product","2":"type-product","3":"status-publish","4":"has-post-thumbnail","6":"product_cat-s","7":"pa_packungsgroesse-50ml","9":"first","10":"instock","11":"shipping-taxable","12":"purchasable","13":"product-type-simple"},"acf":[],"_links":{"self":[{"href":"https:\/\/www.hirtenberg-apotheke.at\/katalog\/wp-json\/wp\/v2\/product\/64714","targetHints":{"allow":["GET"]}}],"collection":[{"href":"https:\/\/www.hirtenberg-apotheke.at\/katalog\/wp-json\/wp\/v2\/product"}],"about":[{"href":"https:\/\/www.hirtenberg-apotheke.at\/katalog\/wp-json\/wp\/v2\/types\/product"}],"wp:featuredmedia":[{"embeddable":true,"href":"https:\/\/www.hirtenberg-apotheke.at\/katalog\/wp-json\/wp\/v2\/media\/64716"}],"wp:attachment":[{"href":"https:\/\/www.hirtenberg-apotheke.at\/katalog\/wp-json\/wp\/v2\/media?parent=64714"}],"wp:term":[{"taxonomy":"product_brand","embeddable":true,"href":"https:\/\/www.hirtenberg-apotheke.at\/katalog\/wp-json\/wp\/v2\/product_brand?post=64714"},{"taxonomy":"product_cat","embeddable":true,"href":"https:\/\/www.hirtenberg-apotheke.at\/katalog\/wp-json\/wp\/v2\/product_cat?post=64714"},{"taxonomy":"product_tag","embeddable":true,"href":"https:\/\/www.hirtenberg-apotheke.at\/katalog\/wp-json\/wp\/v2\/product_tag?post=64714"}],"curies":[{"name":"wp","href":"https:\/\/api.w.org\/{rel}","templated":true}]}}