{"id":64791,"date":"2025-11-26T20:32:23","date_gmt":"2025-11-26T19:32:23","guid":{"rendered":"https:\/\/www.hirtenberg-apotheke.at\/katalog\/produkt\/urgosorb-steril-5x5cm-10-stk\/"},"modified":"2025-11-26T20:32:35","modified_gmt":"2025-11-26T19:32:35","slug":"urgosorb-steril-5x5cm-10-stk","status":"publish","type":"product","link":"https:\/\/www.hirtenberg-apotheke.at\/katalog\/produkt\/urgosorb-steril-5x5cm-10-stk\/","title":{"rendered":"Urgosorb Steril 5x5cm 10 Stk."},"content":{"rendered":"<p>Urgosorb sind Calcium-Alginat Hydrokolloid-Wundkompressen. Sie unterst\u00fctzen die Wundreinigung, f\u00f6rdern eine schnelle Absorption von Wundexsudaten und beg\u00fcnstigen die prim\u00e4re Blutstillung.<\/p>\n","protected":false},"excerpt":{"rendered":"<p>Urgosorb sind Calcium-Alginat Hydrokolloid-Wundkompressen. Sie unterst\u00fctzen die Wundreinigung, f\u00f6rdern eine schnelle Absorption von Wundexsudaten und beg\u00fcnstigen die prim\u00e4re Blutstillung.<\/p>\n","protected":false},"featured_media":64793,"template":"","meta":{"_acf_changed":false},"product_brand":[],"product_cat":[358],"product_tag":[],"class_list":{"0":"post-64791","1":"product","2":"type-product","3":"status-publish","4":"has-post-thumbnail","6":"product_cat-u","7":"pa_packungsgroesse-10-stueck","9":"first","10":"instock","11":"shipping-taxable","12":"purchasable","13":"product-type-simple"},"acf":[],"_links":{"self":[{"href":"https:\/\/www.hirtenberg-apotheke.at\/katalog\/wp-json\/wp\/v2\/product\/64791","targetHints":{"allow":["GET"]}}],"collection":[{"href":"https:\/\/www.hirtenberg-apotheke.at\/katalog\/wp-json\/wp\/v2\/product"}],"about":[{"href":"https:\/\/www.hirtenberg-apotheke.at\/katalog\/wp-json\/wp\/v2\/types\/product"}],"wp:featuredmedia":[{"embeddable":true,"href":"https:\/\/www.hirtenberg-apotheke.at\/katalog\/wp-json\/wp\/v2\/media\/64793"}],"wp:attachment":[{"href":"https:\/\/www.hirtenberg-apotheke.at\/katalog\/wp-json\/wp\/v2\/media?parent=64791"}],"wp:term":[{"taxonomy":"product_brand","embeddable":true,"href":"https:\/\/www.hirtenberg-apotheke.at\/katalog\/wp-json\/wp\/v2\/product_brand?post=64791"},{"taxonomy":"product_cat","embeddable":true,"href":"https:\/\/www.hirtenberg-apotheke.at\/katalog\/wp-json\/wp\/v2\/product_cat?post=64791"},{"taxonomy":"product_tag","embeddable":true,"href":"https:\/\/www.hirtenberg-apotheke.at\/katalog\/wp-json\/wp\/v2\/product_tag?post=64791"}],"curies":[{"name":"wp","href":"https:\/\/api.w.org\/{rel}","templated":true}]}}