{"id":64886,"date":"2025-11-26T20:33:52","date_gmt":"2025-11-26T19:33:52","guid":{"rendered":"https:\/\/www.hirtenberg-apotheke.at\/katalog\/produkt\/ice-power-plus-100-ml\/"},"modified":"2025-11-26T20:33:54","modified_gmt":"2025-11-26T19:33:54","slug":"ice-power-plus-100-ml","status":"publish","type":"product","link":"https:\/\/www.hirtenberg-apotheke.at\/katalog\/produkt\/ice-power-plus-100-ml\/","title":{"rendered":"Ice Power Plus 100 ml"},"content":{"rendered":"<p>Ice Power Plus lindert schnell und wirksam Schmerz, Entz\u00fcndung und Schwellungen und mindert dar\u00fcber hinaus \u00fcberm\u00e4\u00dfige Muskelanspannung in Verbindung mit langanhaltenden Schmerzen. Das MSM in Ice Power Plus hilft, die Wirkung dieses K\u00fchlgels zu verst\u00e4rken.<\/p>\n","protected":false},"excerpt":{"rendered":"<p>Ice Power Plus lindert schnell und wirksam Schmerz, Entz\u00fcndung und Schwellungen und mindert dar\u00fcber hinaus \u00fcberm\u00e4\u00dfige Muskelanspannung in Verbindung mit langanhaltenden Schmerzen. Das MSM in Ice Power Plus hilft, die Wirkung dieses K\u00fchlgels zu verst\u00e4rken.<\/p>\n","protected":false},"featured_media":0,"template":"","meta":{"_acf_changed":false},"product_brand":[],"product_cat":[370],"product_tag":[],"class_list":{"0":"post-64886","1":"product","2":"type-product","3":"status-publish","5":"product_cat-i","6":"pa_packungsgroesse-100ml","8":"first","9":"instock","10":"shipping-taxable","11":"purchasable","12":"product-type-simple"},"acf":[],"_links":{"self":[{"href":"https:\/\/www.hirtenberg-apotheke.at\/katalog\/wp-json\/wp\/v2\/product\/64886","targetHints":{"allow":["GET"]}}],"collection":[{"href":"https:\/\/www.hirtenberg-apotheke.at\/katalog\/wp-json\/wp\/v2\/product"}],"about":[{"href":"https:\/\/www.hirtenberg-apotheke.at\/katalog\/wp-json\/wp\/v2\/types\/product"}],"wp:attachment":[{"href":"https:\/\/www.hirtenberg-apotheke.at\/katalog\/wp-json\/wp\/v2\/media?parent=64886"}],"wp:term":[{"taxonomy":"product_brand","embeddable":true,"href":"https:\/\/www.hirtenberg-apotheke.at\/katalog\/wp-json\/wp\/v2\/product_brand?post=64886"},{"taxonomy":"product_cat","embeddable":true,"href":"https:\/\/www.hirtenberg-apotheke.at\/katalog\/wp-json\/wp\/v2\/product_cat?post=64886"},{"taxonomy":"product_tag","embeddable":true,"href":"https:\/\/www.hirtenberg-apotheke.at\/katalog\/wp-json\/wp\/v2\/product_tag?post=64886"}],"curies":[{"name":"wp","href":"https:\/\/api.w.org\/{rel}","templated":true}]}}