{"id":65013,"date":"2025-11-26T20:36:04","date_gmt":"2025-11-26T19:36:04","guid":{"rendered":"https:\/\/www.hirtenberg-apotheke.at\/katalog\/produkt\/l-erbolario-parfuemseife-100-g-assenzio\/"},"modified":"2025-11-26T20:36:14","modified_gmt":"2025-11-26T19:36:14","slug":"l-erbolario-parfuemseife-100-g-assenzio","status":"publish","type":"product","link":"https:\/\/www.hirtenberg-apotheke.at\/katalog\/produkt\/l-erbolario-parfuemseife-100-g-assenzio\/","title":{"rendered":"L Erbolario Parf\u00fcmseife 100 g Assenzio"},"content":{"rendered":"<p>L&#8217;Erbolario Parf\u00fcmseife ist eine wunderbar duftende, pflegende Seife f\u00fcr die t\u00e4gliche Reinigung, welche auch f\u00fcr sehr empfindliche, sensible Haut bestens geeignet ist. Die Seife basiert auf rein pflanzlichen Reinigungsstoffen mit r\u00fcckfettenden \u00d6len. Hinterl\u00e4sst die Haut seidig weich und angenehm duftend<\/p>\n","protected":false},"excerpt":{"rendered":"<p>L&#8217;Erbolario Parf\u00fcmseife ist eine wunderbar duftende, pflegende Seife f\u00fcr die t\u00e4gliche Reinigung, welche auch f\u00fcr sehr empfindliche, sensible Haut bestens geeignet ist. Die Seife basiert auf rein pflanzlichen Reinigungsstoffen mit r\u00fcckfettenden \u00d6len. Hinterl\u00e4sst die Haut seidig weich und angenehm duftend<\/p>\n","protected":false},"featured_media":65015,"template":"","meta":{"_acf_changed":false},"product_brand":[741],"product_cat":[317],"product_tag":[],"class_list":{"0":"post-65013","1":"product","2":"type-product","3":"status-publish","4":"has-post-thumbnail","6":"product_brand-lerbolario","7":"product_cat-l","8":"pa_packungsgroesse-100g","10":"first","11":"instock","12":"shipping-taxable","13":"purchasable","14":"product-type-simple"},"acf":[],"_links":{"self":[{"href":"https:\/\/www.hirtenberg-apotheke.at\/katalog\/wp-json\/wp\/v2\/product\/65013","targetHints":{"allow":["GET"]}}],"collection":[{"href":"https:\/\/www.hirtenberg-apotheke.at\/katalog\/wp-json\/wp\/v2\/product"}],"about":[{"href":"https:\/\/www.hirtenberg-apotheke.at\/katalog\/wp-json\/wp\/v2\/types\/product"}],"wp:featuredmedia":[{"embeddable":true,"href":"https:\/\/www.hirtenberg-apotheke.at\/katalog\/wp-json\/wp\/v2\/media\/65015"}],"wp:attachment":[{"href":"https:\/\/www.hirtenberg-apotheke.at\/katalog\/wp-json\/wp\/v2\/media?parent=65013"}],"wp:term":[{"taxonomy":"product_brand","embeddable":true,"href":"https:\/\/www.hirtenberg-apotheke.at\/katalog\/wp-json\/wp\/v2\/product_brand?post=65013"},{"taxonomy":"product_cat","embeddable":true,"href":"https:\/\/www.hirtenberg-apotheke.at\/katalog\/wp-json\/wp\/v2\/product_cat?post=65013"},{"taxonomy":"product_tag","embeddable":true,"href":"https:\/\/www.hirtenberg-apotheke.at\/katalog\/wp-json\/wp\/v2\/product_tag?post=65013"}],"curies":[{"name":"wp","href":"https:\/\/api.w.org\/{rel}","templated":true}]}}