{"id":65022,"date":"2025-11-26T20:36:04","date_gmt":"2025-11-26T19:36:04","guid":{"rendered":"https:\/\/www.hirtenberg-apotheke.at\/katalog\/produkt\/vitaking-seetangjod-90-stk-150mcg\/"},"modified":"2025-11-26T20:36:17","modified_gmt":"2025-11-26T19:36:17","slug":"vitaking-seetangjod-90-stk-150mcg","status":"publish","type":"product","link":"https:\/\/www.hirtenberg-apotheke.at\/katalog\/produkt\/vitaking-seetangjod-90-stk-150mcg\/","title":{"rendered":"Vitaking Seetang+Jod 90 Stk. 150mcg"},"content":{"rendered":"<p>Vitaking Gmbh bietet f\u00fcr jede Altersklasse und f\u00fcr beide Geschlechter jeweils die genau richtige Zusammensetzung von Vitaminen und N\u00e4hrstoffen<\/p>\n","protected":false},"excerpt":{"rendered":"<p>Vitaking Gmbh bietet f\u00fcr jede Altersklasse und f\u00fcr beide Geschlechter jeweils die genau richtige Zusammensetzung von Vitaminen und N\u00e4hrstoffen<\/p>\n","protected":false},"featured_media":0,"template":"","meta":{"_acf_changed":false},"product_brand":[],"product_cat":[300],"product_tag":[],"class_list":{"0":"post-65022","1":"product","2":"type-product","3":"status-publish","5":"product_cat-v","6":"pa_packungsgroesse-90-stueck","8":"first","9":"instock","10":"shipping-taxable","11":"purchasable","12":"product-type-simple"},"acf":[],"_links":{"self":[{"href":"https:\/\/www.hirtenberg-apotheke.at\/katalog\/wp-json\/wp\/v2\/product\/65022","targetHints":{"allow":["GET"]}}],"collection":[{"href":"https:\/\/www.hirtenberg-apotheke.at\/katalog\/wp-json\/wp\/v2\/product"}],"about":[{"href":"https:\/\/www.hirtenberg-apotheke.at\/katalog\/wp-json\/wp\/v2\/types\/product"}],"wp:attachment":[{"href":"https:\/\/www.hirtenberg-apotheke.at\/katalog\/wp-json\/wp\/v2\/media?parent=65022"}],"wp:term":[{"taxonomy":"product_brand","embeddable":true,"href":"https:\/\/www.hirtenberg-apotheke.at\/katalog\/wp-json\/wp\/v2\/product_brand?post=65022"},{"taxonomy":"product_cat","embeddable":true,"href":"https:\/\/www.hirtenberg-apotheke.at\/katalog\/wp-json\/wp\/v2\/product_cat?post=65022"},{"taxonomy":"product_tag","embeddable":true,"href":"https:\/\/www.hirtenberg-apotheke.at\/katalog\/wp-json\/wp\/v2\/product_tag?post=65022"}],"curies":[{"name":"wp","href":"https:\/\/api.w.org\/{rel}","templated":true}]}}