{"id":65267,"date":"2025-11-26T21:35:04","date_gmt":"2025-11-26T20:35:04","guid":{"rendered":"https:\/\/www.hirtenberg-apotheke.at\/katalog\/produkt\/espara-multi-vitamin-elixier-500-ml\/"},"modified":"2025-11-26T21:35:11","modified_gmt":"2025-11-26T20:35:11","slug":"espara-multi-vitamin-elixier-500-ml","status":"publish","type":"product","link":"https:\/\/www.hirtenberg-apotheke.at\/katalog\/produkt\/espara-multi-vitamin-elixier-500-ml\/","title":{"rendered":"Espara Multi-Vitamin Elixier 500 ml"},"content":{"rendered":"<p>Espara Multi-Vitamin Elixier ist ein Nahrungserg\u00e4nzungsmittel mit Vitaminen f\u00fcr den gesamten Stoffwechsel. So tr\u00e4gt z. B. Vit. C zur normalen Immunfunktion und zum Energiestoffwechsel bei.<\/p>\n","protected":false},"excerpt":{"rendered":"<p>Espara Multi-Vitamin Elixier ist ein Nahrungserg\u00e4nzungsmittel mit Vitaminen f\u00fcr den gesamten Stoffwechsel. So tr\u00e4gt z. B. Vit. C zur normalen Immunfunktion und zum Energiestoffwechsel bei.<\/p>\n","protected":false},"featured_media":65269,"template":"","meta":{"_acf_changed":false},"product_brand":[341],"product_cat":[307],"product_tag":[],"class_list":{"0":"post-65267","1":"product","2":"type-product","3":"status-publish","4":"has-post-thumbnail","6":"product_brand-espara","7":"product_cat-e","8":"pa_packungsgroesse-500ml","10":"first","11":"instock","12":"shipping-taxable","13":"purchasable","14":"product-type-simple"},"acf":[],"_links":{"self":[{"href":"https:\/\/www.hirtenberg-apotheke.at\/katalog\/wp-json\/wp\/v2\/product\/65267","targetHints":{"allow":["GET"]}}],"collection":[{"href":"https:\/\/www.hirtenberg-apotheke.at\/katalog\/wp-json\/wp\/v2\/product"}],"about":[{"href":"https:\/\/www.hirtenberg-apotheke.at\/katalog\/wp-json\/wp\/v2\/types\/product"}],"wp:featuredmedia":[{"embeddable":true,"href":"https:\/\/www.hirtenberg-apotheke.at\/katalog\/wp-json\/wp\/v2\/media\/65269"}],"wp:attachment":[{"href":"https:\/\/www.hirtenberg-apotheke.at\/katalog\/wp-json\/wp\/v2\/media?parent=65267"}],"wp:term":[{"taxonomy":"product_brand","embeddable":true,"href":"https:\/\/www.hirtenberg-apotheke.at\/katalog\/wp-json\/wp\/v2\/product_brand?post=65267"},{"taxonomy":"product_cat","embeddable":true,"href":"https:\/\/www.hirtenberg-apotheke.at\/katalog\/wp-json\/wp\/v2\/product_cat?post=65267"},{"taxonomy":"product_tag","embeddable":true,"href":"https:\/\/www.hirtenberg-apotheke.at\/katalog\/wp-json\/wp\/v2\/product_tag?post=65267"}],"curies":[{"name":"wp","href":"https:\/\/api.w.org\/{rel}","templated":true}]}}