{"id":65376,"date":"2025-11-26T21:36:52","date_gmt":"2025-11-26T20:36:52","guid":{"rendered":"https:\/\/www.hirtenberg-apotheke.at\/katalog\/produkt\/eco-cosmetics-sonnencreme-surf-fun-getoent-lsf-50-50-ml\/"},"modified":"2025-11-26T21:37:01","modified_gmt":"2025-11-26T20:37:01","slug":"eco-cosmetics-sonnencreme-surf-fun-getoent-lsf-50-50-ml","status":"publish","type":"product","link":"https:\/\/www.hirtenberg-apotheke.at\/katalog\/produkt\/eco-cosmetics-sonnencreme-surf-fun-getoent-lsf-50-50-ml\/","title":{"rendered":"Eco Cosmetics Sonnencreme Surf &#038; Fun get\u00f6nt LSF 50+ 50 ml"},"content":{"rendered":"<p>Eco Cosmetics Sonnencreme Surf &#038; Fun get\u00f6nt LSF 50+ eignet sich besonders f\u00fcr Menschen, die sich gerne im Wasser aufhalten. Die Creme sch\u00fctzt die Haut durch ihren hohen LSF besonders gut und ist sogar in Salzwasser wasserfest. Das Produkte enth\u00e4lt teilweise biologische Inhaltsstoffe.<\/p>\n","protected":false},"excerpt":{"rendered":"<p>Eco Cosmetics Sonnencreme Surf &#038; Fun get\u00f6nt LSF 50+ eignet sich besonders f\u00fcr Menschen, die sich gerne im Wasser aufhalten. Die Creme sch\u00fctzt die Haut durch ihren hohen LSF besonders gut und ist sogar in Salzwasser wasserfest. Das Produkte enth\u00e4lt teilweise biologische Inhaltsstoffe.<\/p>\n","protected":false},"featured_media":0,"template":"","meta":{"_acf_changed":false},"product_brand":[],"product_cat":[307],"product_tag":[],"class_list":{"0":"post-65376","1":"product","2":"type-product","3":"status-publish","5":"product_cat-e","6":"pa_packungsgroesse-50ml","8":"first","9":"instock","10":"shipping-taxable","11":"purchasable","12":"product-type-simple"},"acf":[],"_links":{"self":[{"href":"https:\/\/www.hirtenberg-apotheke.at\/katalog\/wp-json\/wp\/v2\/product\/65376","targetHints":{"allow":["GET"]}}],"collection":[{"href":"https:\/\/www.hirtenberg-apotheke.at\/katalog\/wp-json\/wp\/v2\/product"}],"about":[{"href":"https:\/\/www.hirtenberg-apotheke.at\/katalog\/wp-json\/wp\/v2\/types\/product"}],"wp:attachment":[{"href":"https:\/\/www.hirtenberg-apotheke.at\/katalog\/wp-json\/wp\/v2\/media?parent=65376"}],"wp:term":[{"taxonomy":"product_brand","embeddable":true,"href":"https:\/\/www.hirtenberg-apotheke.at\/katalog\/wp-json\/wp\/v2\/product_brand?post=65376"},{"taxonomy":"product_cat","embeddable":true,"href":"https:\/\/www.hirtenberg-apotheke.at\/katalog\/wp-json\/wp\/v2\/product_cat?post=65376"},{"taxonomy":"product_tag","embeddable":true,"href":"https:\/\/www.hirtenberg-apotheke.at\/katalog\/wp-json\/wp\/v2\/product_tag?post=65376"}],"curies":[{"name":"wp","href":"https:\/\/api.w.org\/{rel}","templated":true}]}}