{"id":65498,"date":"2025-11-26T21:38:31","date_gmt":"2025-11-26T20:38:31","guid":{"rendered":"https:\/\/www.hirtenberg-apotheke.at\/katalog\/produkt\/rausch-hn-ginseng-coffein-spuelung-30-ml\/"},"modified":"2025-11-26T21:38:56","modified_gmt":"2025-11-26T20:38:56","slug":"rausch-hn-ginseng-coffein-spuelung-30-ml","status":"publish","type":"product","link":"https:\/\/www.hirtenberg-apotheke.at\/katalog\/produkt\/rausch-hn-ginseng-coffein-spuelung-30-ml\/","title":{"rendered":"Rausch HN Ginseng Coffein Sp\u00fclung 30 ml"},"content":{"rendered":"<p class=\"MsoNormal\">Unterst\u00fctzt bei Haarausfall die Wirkung der RAUSCH OriginalHAARTINKTUR und von Ginseng COFFEIN- SHAMPOO. Mit kostbaren Extrakten ausGinseng, Guarana, Brennnessel sowie anregendem Coffein.<\/p>\n<p>Nach 18-w\u00f6chiger Anwendung der RAUSCH OriginalHAARTINKTUR sowie Ginseng SHAMPOO und SP\u00dcLUNG wurde das Haarwachstum um bis zu28% gesteigert, zudem waren nachweislich bis zu 44% weniger Haare in derRuhephase (Telogenphase) \u2013 weiterem Haarausfall wird somit aktiv vorgebeugt.Bereits nach 6 Wochen best\u00e4tigten die Probanden signifikant einen wahrnehmbarenst\u00e4rkeren Haarwuchs. S\u00e4mtliche Anwender waren von der Wirkung begeistert<\/p>\n","protected":false},"excerpt":{"rendered":"<p>Unterst\u00fctzt bei Haarausfall die Wirkung der RAUSCH OriginalHAARTINKTUR und von Ginseng COFFEIN- SHAMPOO. Mit kostbaren Extrakten ausGinseng, Guarana, Brennnessel sowie anregendem Coffein. Nach 18-w\u00f6chiger Anwendung der RAUSCH OriginalHAARTINKTUR sowie Ginseng SHAMPOO und SP\u00dcLUNG wurde das Haarwachstum um bis zu28% gesteigert, zudem waren nachweislich bis zu 44% weniger Haare in derRuhephase (Telogenphase) \u2013 weiterem Haarausfall wird [&hellip;]<\/p>\n","protected":false},"featured_media":65500,"template":"","meta":{"_acf_changed":false},"product_brand":[638],"product_cat":[311],"product_tag":[],"class_list":{"0":"post-65498","1":"product","2":"type-product","3":"status-publish","4":"has-post-thumbnail","6":"product_brand-rausch","7":"product_cat-r","8":"pa_packungsgroesse-30ml","10":"first","11":"instock","12":"shipping-taxable","13":"purchasable","14":"product-type-simple"},"acf":[],"_links":{"self":[{"href":"https:\/\/www.hirtenberg-apotheke.at\/katalog\/wp-json\/wp\/v2\/product\/65498","targetHints":{"allow":["GET"]}}],"collection":[{"href":"https:\/\/www.hirtenberg-apotheke.at\/katalog\/wp-json\/wp\/v2\/product"}],"about":[{"href":"https:\/\/www.hirtenberg-apotheke.at\/katalog\/wp-json\/wp\/v2\/types\/product"}],"wp:featuredmedia":[{"embeddable":true,"href":"https:\/\/www.hirtenberg-apotheke.at\/katalog\/wp-json\/wp\/v2\/media\/65500"}],"wp:attachment":[{"href":"https:\/\/www.hirtenberg-apotheke.at\/katalog\/wp-json\/wp\/v2\/media?parent=65498"}],"wp:term":[{"taxonomy":"product_brand","embeddable":true,"href":"https:\/\/www.hirtenberg-apotheke.at\/katalog\/wp-json\/wp\/v2\/product_brand?post=65498"},{"taxonomy":"product_cat","embeddable":true,"href":"https:\/\/www.hirtenberg-apotheke.at\/katalog\/wp-json\/wp\/v2\/product_cat?post=65498"},{"taxonomy":"product_tag","embeddable":true,"href":"https:\/\/www.hirtenberg-apotheke.at\/katalog\/wp-json\/wp\/v2\/product_tag?post=65498"}],"curies":[{"name":"wp","href":"https:\/\/api.w.org\/{rel}","templated":true}]}}