{"id":65597,"date":"2025-11-26T21:40:17","date_gmt":"2025-11-26T20:40:17","guid":{"rendered":"https:\/\/www.hirtenberg-apotheke.at\/katalog\/produkt\/burgit-hallux-valgus-druckschutz-2-stk\/"},"modified":"2025-11-26T21:40:32","modified_gmt":"2025-11-26T20:40:32","slug":"burgit-hallux-valgus-druckschutz-2-stk","status":"publish","type":"product","link":"https:\/\/www.hirtenberg-apotheke.at\/katalog\/produkt\/burgit-hallux-valgus-druckschutz-2-stk\/","title":{"rendered":"Burgit Hallux Valgus Druckschutz 2 Stk."},"content":{"rendered":"<p>Burgit Hallux Valgus Druckschutz mit Zehenring f\u00fcr die 2. Zehe hilft bei Schiefstellung der Gro\u00dfzehe, mindert den Druck, engt den Fu\u00df im Schuh nicht ein und erleichtert das Gehen.<\/p>\n","protected":false},"excerpt":{"rendered":"<p>Burgit Hallux Valgus Druckschutz mit Zehenring f\u00fcr die 2. Zehe hilft bei Schiefstellung der Gro\u00dfzehe, mindert den Druck, engt den Fu\u00df im Schuh nicht ein und erleichtert das Gehen.<\/p>\n","protected":false},"featured_media":65599,"template":"","meta":{"_acf_changed":false},"product_brand":[],"product_cat":[292],"product_tag":[],"class_list":{"0":"post-65597","1":"product","2":"type-product","3":"status-publish","4":"has-post-thumbnail","6":"product_cat-b","7":"pa_packungsgroesse-2-stueck","9":"first","10":"instock","11":"shipping-taxable","12":"purchasable","13":"product-type-simple"},"acf":[],"_links":{"self":[{"href":"https:\/\/www.hirtenberg-apotheke.at\/katalog\/wp-json\/wp\/v2\/product\/65597","targetHints":{"allow":["GET"]}}],"collection":[{"href":"https:\/\/www.hirtenberg-apotheke.at\/katalog\/wp-json\/wp\/v2\/product"}],"about":[{"href":"https:\/\/www.hirtenberg-apotheke.at\/katalog\/wp-json\/wp\/v2\/types\/product"}],"wp:featuredmedia":[{"embeddable":true,"href":"https:\/\/www.hirtenberg-apotheke.at\/katalog\/wp-json\/wp\/v2\/media\/65599"}],"wp:attachment":[{"href":"https:\/\/www.hirtenberg-apotheke.at\/katalog\/wp-json\/wp\/v2\/media?parent=65597"}],"wp:term":[{"taxonomy":"product_brand","embeddable":true,"href":"https:\/\/www.hirtenberg-apotheke.at\/katalog\/wp-json\/wp\/v2\/product_brand?post=65597"},{"taxonomy":"product_cat","embeddable":true,"href":"https:\/\/www.hirtenberg-apotheke.at\/katalog\/wp-json\/wp\/v2\/product_cat?post=65597"},{"taxonomy":"product_tag","embeddable":true,"href":"https:\/\/www.hirtenberg-apotheke.at\/katalog\/wp-json\/wp\/v2\/product_tag?post=65597"}],"curies":[{"name":"wp","href":"https:\/\/api.w.org\/{rel}","templated":true}]}}