{"id":65835,"date":"2025-11-26T21:44:43","date_gmt":"2025-11-26T20:44:43","guid":{"rendered":"https:\/\/www.hirtenberg-apotheke.at\/katalog\/produkt\/bios-weihrauch-indisch-kapseln\/"},"modified":"2025-11-26T21:45:19","modified_gmt":"2025-11-26T20:45:19","slug":"bios-weihrauch-indisch-kapseln","status":"publish","type":"product","link":"https:\/\/www.hirtenberg-apotheke.at\/katalog\/produkt\/bios-weihrauch-indisch-kapseln\/","title":{"rendered":"Bios Weihrauch Indisch Kapseln"},"content":{"rendered":"<p>Bios Weihrauch Indisch Kapseln haben einen hohen Gehalt der f\u00fcr indischen Weihrauch typischen Boswellias\u00e4uren. Das Produkt enth\u00e4lt keine weiteren Zusatzstoffe wie Konservierungsmittel, Farb- oder Geschmacksstoffe.<\/p>\n","protected":false},"excerpt":{"rendered":"<p>Bios Weihrauch Indisch Kapseln haben einen hohen Gehalt der f\u00fcr indischen Weihrauch typischen Boswellias\u00e4uren. Das Produkt enth\u00e4lt keine weiteren Zusatzstoffe wie Konservierungsmittel, Farb- oder Geschmacksstoffe.<\/p>\n","protected":false},"featured_media":0,"template":"","meta":{"_acf_changed":false},"product_brand":[],"product_cat":[292],"product_tag":[],"class_list":{"0":"post-65835","1":"product","2":"type-product","3":"status-publish","5":"product_cat-b","6":"pa_packungsgroesse-100-stueck","8":"first","9":"instock","10":"shipping-taxable","11":"purchasable","12":"product-type-simple"},"acf":[],"_links":{"self":[{"href":"https:\/\/www.hirtenberg-apotheke.at\/katalog\/wp-json\/wp\/v2\/product\/65835","targetHints":{"allow":["GET"]}}],"collection":[{"href":"https:\/\/www.hirtenberg-apotheke.at\/katalog\/wp-json\/wp\/v2\/product"}],"about":[{"href":"https:\/\/www.hirtenberg-apotheke.at\/katalog\/wp-json\/wp\/v2\/types\/product"}],"wp:attachment":[{"href":"https:\/\/www.hirtenberg-apotheke.at\/katalog\/wp-json\/wp\/v2\/media?parent=65835"}],"wp:term":[{"taxonomy":"product_brand","embeddable":true,"href":"https:\/\/www.hirtenberg-apotheke.at\/katalog\/wp-json\/wp\/v2\/product_brand?post=65835"},{"taxonomy":"product_cat","embeddable":true,"href":"https:\/\/www.hirtenberg-apotheke.at\/katalog\/wp-json\/wp\/v2\/product_cat?post=65835"},{"taxonomy":"product_tag","embeddable":true,"href":"https:\/\/www.hirtenberg-apotheke.at\/katalog\/wp-json\/wp\/v2\/product_tag?post=65835"}],"curies":[{"name":"wp","href":"https:\/\/api.w.org\/{rel}","templated":true}]}}