{"id":65933,"date":"2025-11-26T21:46:51","date_gmt":"2025-11-26T20:46:51","guid":{"rendered":"https:\/\/www.hirtenberg-apotheke.at\/katalog\/produkt\/urgo-spruehpflaster-40-ml\/"},"modified":"2025-11-26T21:46:56","modified_gmt":"2025-11-26T20:46:56","slug":"urgo-spruehpflaster-40-ml","status":"publish","type":"product","link":"https:\/\/www.hirtenberg-apotheke.at\/katalog\/produkt\/urgo-spruehpflaster-40-ml\/","title":{"rendered":"Urgo Spr\u00fchpflaster 40 ml"},"content":{"rendered":"<p>Urgo Spr\u00fchpflaster 40 ml sch\u00fctzt die Wunde vor \u00e4u\u00dferen Einfl\u00fcssen und f\u00f6rdert die Wundheilung. Dieses fl\u00fcssige Pflaster ist einfach anzuwenden, verl\u00e4uft nicht und ist wasserabweisend. Urgo Spr\u00fchpflaster eignet sich besonders zur Anwendung an schwierigen K\u00f6rperstellen wie Ellbogen oder Knie.<\/p>\n","protected":false},"excerpt":{"rendered":"<p>Urgo Spr\u00fchpflaster 40 ml sch\u00fctzt die Wunde vor \u00e4u\u00dferen Einfl\u00fcssen und f\u00f6rdert die Wundheilung. Dieses fl\u00fcssige Pflaster ist einfach anzuwenden, verl\u00e4uft nicht und ist wasserabweisend. Urgo Spr\u00fchpflaster eignet sich besonders zur Anwendung an schwierigen K\u00f6rperstellen wie Ellbogen oder Knie.<\/p>\n","protected":false},"featured_media":0,"template":"","meta":{"_acf_changed":false},"product_brand":[],"product_cat":[358],"product_tag":[],"class_list":{"0":"post-65933","1":"product","2":"type-product","3":"status-publish","5":"product_cat-u","6":"pa_packungsgroesse-40ml","8":"first","9":"instock","10":"shipping-taxable","11":"purchasable","12":"product-type-simple"},"acf":[],"_links":{"self":[{"href":"https:\/\/www.hirtenberg-apotheke.at\/katalog\/wp-json\/wp\/v2\/product\/65933","targetHints":{"allow":["GET"]}}],"collection":[{"href":"https:\/\/www.hirtenberg-apotheke.at\/katalog\/wp-json\/wp\/v2\/product"}],"about":[{"href":"https:\/\/www.hirtenberg-apotheke.at\/katalog\/wp-json\/wp\/v2\/types\/product"}],"wp:attachment":[{"href":"https:\/\/www.hirtenberg-apotheke.at\/katalog\/wp-json\/wp\/v2\/media?parent=65933"}],"wp:term":[{"taxonomy":"product_brand","embeddable":true,"href":"https:\/\/www.hirtenberg-apotheke.at\/katalog\/wp-json\/wp\/v2\/product_brand?post=65933"},{"taxonomy":"product_cat","embeddable":true,"href":"https:\/\/www.hirtenberg-apotheke.at\/katalog\/wp-json\/wp\/v2\/product_cat?post=65933"},{"taxonomy":"product_tag","embeddable":true,"href":"https:\/\/www.hirtenberg-apotheke.at\/katalog\/wp-json\/wp\/v2\/product_tag?post=65933"}],"curies":[{"name":"wp","href":"https:\/\/api.w.org\/{rel}","templated":true}]}}