{"id":65937,"date":"2025-11-26T21:46:51","date_gmt":"2025-11-26T20:46:51","guid":{"rendered":"https:\/\/www.hirtenberg-apotheke.at\/katalog\/produkt\/lysiherp-kapseln-60-stk\/"},"modified":"2025-11-26T21:46:57","modified_gmt":"2025-11-26T20:46:57","slug":"lysiherp-kapseln-60-stk","status":"publish","type":"product","link":"https:\/\/www.hirtenberg-apotheke.at\/katalog\/produkt\/lysiherp-kapseln-60-stk\/","title":{"rendered":"Lysiherp Kapseln 60 Stk."},"content":{"rendered":"<p>Lebensmittel f\u00fcr besondere medizinische Zwecke (bilanzierte Di\u00e4t) zum Di\u00e4tmanagement bei Lippenherpes. Lysiherp\u00ae vermindert die Ausbreitung der Herpes-Viren, sowie die H\u00e4ufigkeit, die Dauer und die Symptome der Fieberblasen. Diese Kombination \u00fcbt folgende Funktionen aus:Immunsystem: Lippenherpes ist eine Virusinfektion, welche durch den Herpes-simplex-Virus ausgel\u00f6st wird. Vor allem durch eine Schw\u00e4chung des Immunsystems k\u00f6nnen Bl\u00e4schen ausbrechen. Zink, Vitamin C, Vitamin D, Vitamin B6 und Vitamin B12 tragen zu einer normalen Funktion des Immunsystems bei und k\u00f6nnen die Ausbreitung der Bl\u00e4schen durch St\u00e4rkung der k\u00f6rpereigenen Abwehrkr\u00e4fte vermindern. Heilung: L-Lysin hat einen positiven Effekt auf die Wundheilung und f\u00f6rdert insbesondere die Fieberblasenheilung. L-Lysin verdr\u00e4ngt L-Arginin, eine Aminos\u00e4ure welche f\u00fcr die Vermehrung der Herpesviren notwendig ist. Zink hat eine Funktion bei der Zellteilung und beschleunigt daher die Abheilung der Fieberblasen. Die in der Melisse enthaltene Rosmarins\u00e4ure soll das Anheften der Viren an die Oberfl\u00e4che und das Eindringen der Viren in die Zellen verhindern. Hautreizungen (z.B. UV-Strahlung), psychische Belastung, hormonelle Schwankungen oder eine Schw\u00e4chung des Immunsystems k\u00f6nnen Ausl\u00f6ser f\u00fcr ein h\u00e4ufiges Auftreten von Fieberblasen sein. Eine t\u00e4gliche Zufuhr von Lysiherp\u00ae erg\u00e4nzt in diesen F\u00e4llen die Ern\u00e4hrung sinnvoll.<\/p>\n","protected":false},"excerpt":{"rendered":"<p>Lebensmittel f\u00fcr besondere medizinische Zwecke (bilanzierte Di\u00e4t) zum Di\u00e4tmanagement bei Lippenherpes. Lysiherp\u00ae vermindert die Ausbreitung der Herpes-Viren, sowie die H\u00e4ufigkeit, die Dauer und die Symptome der Fieberblasen. Diese Kombination \u00fcbt folgende Funktionen aus:Immunsystem: Lippenherpes ist eine Virusinfektion, welche durch den Herpes-simplex-Virus ausgel\u00f6st wird. Vor allem durch eine Schw\u00e4chung des Immunsystems k\u00f6nnen Bl\u00e4schen ausbrechen. Zink, Vitamin [&hellip;]<\/p>\n","protected":false},"featured_media":0,"template":"","meta":{"_acf_changed":false},"product_brand":[],"product_cat":[317],"product_tag":[],"class_list":{"0":"post-65937","1":"product","2":"type-product","3":"status-publish","5":"product_cat-l","6":"pa_packungsgroesse-60-stueck","8":"first","9":"instock","10":"shipping-taxable","11":"purchasable","12":"product-type-simple"},"acf":[],"_links":{"self":[{"href":"https:\/\/www.hirtenberg-apotheke.at\/katalog\/wp-json\/wp\/v2\/product\/65937","targetHints":{"allow":["GET"]}}],"collection":[{"href":"https:\/\/www.hirtenberg-apotheke.at\/katalog\/wp-json\/wp\/v2\/product"}],"about":[{"href":"https:\/\/www.hirtenberg-apotheke.at\/katalog\/wp-json\/wp\/v2\/types\/product"}],"wp:attachment":[{"href":"https:\/\/www.hirtenberg-apotheke.at\/katalog\/wp-json\/wp\/v2\/media?parent=65937"}],"wp:term":[{"taxonomy":"product_brand","embeddable":true,"href":"https:\/\/www.hirtenberg-apotheke.at\/katalog\/wp-json\/wp\/v2\/product_brand?post=65937"},{"taxonomy":"product_cat","embeddable":true,"href":"https:\/\/www.hirtenberg-apotheke.at\/katalog\/wp-json\/wp\/v2\/product_cat?post=65937"},{"taxonomy":"product_tag","embeddable":true,"href":"https:\/\/www.hirtenberg-apotheke.at\/katalog\/wp-json\/wp\/v2\/product_tag?post=65937"}],"curies":[{"name":"wp","href":"https:\/\/api.w.org\/{rel}","templated":true}]}}