{"id":65982,"date":"2025-11-26T21:47:36","date_gmt":"2025-11-26T20:47:36","guid":{"rendered":"https:\/\/www.hirtenberg-apotheke.at\/katalog\/produkt\/sweatstop-fusspuder-stick-60-g\/"},"modified":"2025-11-26T21:47:42","modified_gmt":"2025-11-26T20:47:42","slug":"sweatstop-fusspuder-stick-60-g","status":"publish","type":"product","link":"https:\/\/www.hirtenberg-apotheke.at\/katalog\/produkt\/sweatstop-fusspuder-stick-60-g\/","title":{"rendered":"Sweatstop Fu\u00dfpuder Stick 60 g"},"content":{"rendered":"<p>Sweatstop Fu\u00dfpuder Stick ist ein weltweit einzigartiger Fu\u00dfpuderstift f\u00fcr den Einsatz gegen Schwei\u00df- und Geruchsbildung an den F\u00fc\u00dfen. Durch die wasserbindenden Eigenschaften des Talkpuders wird Feuchtigkeit und somit Schwei\u00df auf der Haut absorbiert und so f\u00fcr ein angenehmes, trockenes Fu\u00dfklima gesorgt.<\/p>\n","protected":false},"excerpt":{"rendered":"<p>Sweatstop Fu\u00dfpuder Stick ist ein weltweit einzigartiger Fu\u00dfpuderstift f\u00fcr den Einsatz gegen Schwei\u00df- und Geruchsbildung an den F\u00fc\u00dfen. Durch die wasserbindenden Eigenschaften des Talkpuders wird Feuchtigkeit und somit Schwei\u00df auf der Haut absorbiert und so f\u00fcr ein angenehmes, trockenes Fu\u00dfklima gesorgt.<\/p>\n","protected":false},"featured_media":65984,"template":"","meta":{"_acf_changed":false},"product_brand":[],"product_cat":[303],"product_tag":[],"class_list":{"0":"post-65982","1":"product","2":"type-product","3":"status-publish","4":"has-post-thumbnail","6":"product_cat-s","7":"pa_packungsgroesse-60g","9":"first","10":"instock","11":"shipping-taxable","12":"purchasable","13":"product-type-simple"},"acf":[],"_links":{"self":[{"href":"https:\/\/www.hirtenberg-apotheke.at\/katalog\/wp-json\/wp\/v2\/product\/65982","targetHints":{"allow":["GET"]}}],"collection":[{"href":"https:\/\/www.hirtenberg-apotheke.at\/katalog\/wp-json\/wp\/v2\/product"}],"about":[{"href":"https:\/\/www.hirtenberg-apotheke.at\/katalog\/wp-json\/wp\/v2\/types\/product"}],"wp:featuredmedia":[{"embeddable":true,"href":"https:\/\/www.hirtenberg-apotheke.at\/katalog\/wp-json\/wp\/v2\/media\/65984"}],"wp:attachment":[{"href":"https:\/\/www.hirtenberg-apotheke.at\/katalog\/wp-json\/wp\/v2\/media?parent=65982"}],"wp:term":[{"taxonomy":"product_brand","embeddable":true,"href":"https:\/\/www.hirtenberg-apotheke.at\/katalog\/wp-json\/wp\/v2\/product_brand?post=65982"},{"taxonomy":"product_cat","embeddable":true,"href":"https:\/\/www.hirtenberg-apotheke.at\/katalog\/wp-json\/wp\/v2\/product_cat?post=65982"},{"taxonomy":"product_tag","embeddable":true,"href":"https:\/\/www.hirtenberg-apotheke.at\/katalog\/wp-json\/wp\/v2\/product_tag?post=65982"}],"curies":[{"name":"wp","href":"https:\/\/api.w.org\/{rel}","templated":true}]}}