{"id":66001,"date":"2025-11-26T21:47:36","date_gmt":"2025-11-26T20:47:36","guid":{"rendered":"https:\/\/www.hirtenberg-apotheke.at\/katalog\/produkt\/l-threonin-500mg-kapseln\/"},"modified":"2025-11-26T21:47:56","modified_gmt":"2025-11-26T20:47:56","slug":"l-threonin-500mg-kapseln","status":"publish","type":"product","link":"https:\/\/www.hirtenberg-apotheke.at\/katalog\/produkt\/l-threonin-500mg-kapseln\/","title":{"rendered":"L &#8211; Threonin 500mg Kapseln"},"content":{"rendered":"<p>Gall Pharma L-Threonin 500 mg Kapseln enthalten 500 mg L-Threonin in einer Hartgelatinekapsel. L-Threonin ist eine lebenswichtige Aminos\u00e4ure. Ihre Rolle \u00fcbernimmt sie bei der Produktion von Immunglobulinen und Antik\u00f6rpern. L-Threonin ist wichtig f\u00fcr ein funktionierendes Immunsystem.<\/p>\n","protected":false},"excerpt":{"rendered":"<p>Gall Pharma L-Threonin 500 mg Kapseln enthalten 500 mg L-Threonin in einer Hartgelatinekapsel. L-Threonin ist eine lebenswichtige Aminos\u00e4ure. Ihre Rolle \u00fcbernimmt sie bei der Produktion von Immunglobulinen und Antik\u00f6rpern. L-Threonin ist wichtig f\u00fcr ein funktionierendes Immunsystem.<\/p>\n","protected":false},"featured_media":66003,"template":"","meta":{"_acf_changed":false},"product_brand":[316],"product_cat":[317],"product_tag":[],"class_list":{"0":"post-66001","1":"product","2":"type-product","3":"status-publish","4":"has-post-thumbnail","6":"product_brand-gall-pharma","7":"product_cat-l","8":"pa_packungsgroesse-60-stueck","10":"first","11":"instock","12":"shipping-taxable","13":"purchasable","14":"product-type-simple"},"acf":[],"_links":{"self":[{"href":"https:\/\/www.hirtenberg-apotheke.at\/katalog\/wp-json\/wp\/v2\/product\/66001","targetHints":{"allow":["GET"]}}],"collection":[{"href":"https:\/\/www.hirtenberg-apotheke.at\/katalog\/wp-json\/wp\/v2\/product"}],"about":[{"href":"https:\/\/www.hirtenberg-apotheke.at\/katalog\/wp-json\/wp\/v2\/types\/product"}],"wp:featuredmedia":[{"embeddable":true,"href":"https:\/\/www.hirtenberg-apotheke.at\/katalog\/wp-json\/wp\/v2\/media\/66003"}],"wp:attachment":[{"href":"https:\/\/www.hirtenberg-apotheke.at\/katalog\/wp-json\/wp\/v2\/media?parent=66001"}],"wp:term":[{"taxonomy":"product_brand","embeddable":true,"href":"https:\/\/www.hirtenberg-apotheke.at\/katalog\/wp-json\/wp\/v2\/product_brand?post=66001"},{"taxonomy":"product_cat","embeddable":true,"href":"https:\/\/www.hirtenberg-apotheke.at\/katalog\/wp-json\/wp\/v2\/product_cat?post=66001"},{"taxonomy":"product_tag","embeddable":true,"href":"https:\/\/www.hirtenberg-apotheke.at\/katalog\/wp-json\/wp\/v2\/product_tag?post=66001"}],"curies":[{"name":"wp","href":"https:\/\/api.w.org\/{rel}","templated":true}]}}