{"id":66206,"date":"2025-11-26T21:50:55","date_gmt":"2025-11-26T20:50:55","guid":{"rendered":"https:\/\/www.hirtenberg-apotheke.at\/katalog\/produkt\/injektionsverweilkanuele-vasofix-saf-g20-50-stk\/"},"modified":"2025-11-26T21:51:44","modified_gmt":"2025-11-26T20:51:44","slug":"injektionsverweilkanuele-vasofix-saf-g20-50-stk","status":"publish","type":"product","link":"https:\/\/www.hirtenberg-apotheke.at\/katalog\/produkt\/injektionsverweilkanuele-vasofix-saf-g20-50-stk\/","title":{"rendered":"Injektionsverweilkan\u00fcle Vasofix Saf G20 50 Stk."},"content":{"rendered":"<p>Injektionsverweilkan\u00fcle Vasofix Saf G20 ist mit einem Zuspritzventil ausgestattet. So wird ein sanfter \u00dcbergang zwischen Katheterrohr und Kan\u00fcle gew\u00e4hrleistet. Einzeln verpackt.<\/p>\n","protected":false},"excerpt":{"rendered":"<p>Injektionsverweilkan\u00fcle Vasofix Saf G20 ist mit einem Zuspritzventil ausgestattet. So wird ein sanfter \u00dcbergang zwischen Katheterrohr und Kan\u00fcle gew\u00e4hrleistet. Einzeln verpackt.<\/p>\n","protected":false},"featured_media":66208,"template":"","meta":{"_acf_changed":false},"product_brand":[],"product_cat":[370],"product_tag":[],"class_list":{"0":"post-66206","1":"product","2":"type-product","3":"status-publish","4":"has-post-thumbnail","6":"product_cat-i","7":"pa_packungsgroesse-50-stueck","9":"first","10":"instock","11":"shipping-taxable","12":"purchasable","13":"product-type-simple"},"acf":[],"_links":{"self":[{"href":"https:\/\/www.hirtenberg-apotheke.at\/katalog\/wp-json\/wp\/v2\/product\/66206","targetHints":{"allow":["GET"]}}],"collection":[{"href":"https:\/\/www.hirtenberg-apotheke.at\/katalog\/wp-json\/wp\/v2\/product"}],"about":[{"href":"https:\/\/www.hirtenberg-apotheke.at\/katalog\/wp-json\/wp\/v2\/types\/product"}],"wp:featuredmedia":[{"embeddable":true,"href":"https:\/\/www.hirtenberg-apotheke.at\/katalog\/wp-json\/wp\/v2\/media\/66208"}],"wp:attachment":[{"href":"https:\/\/www.hirtenberg-apotheke.at\/katalog\/wp-json\/wp\/v2\/media?parent=66206"}],"wp:term":[{"taxonomy":"product_brand","embeddable":true,"href":"https:\/\/www.hirtenberg-apotheke.at\/katalog\/wp-json\/wp\/v2\/product_brand?post=66206"},{"taxonomy":"product_cat","embeddable":true,"href":"https:\/\/www.hirtenberg-apotheke.at\/katalog\/wp-json\/wp\/v2\/product_cat?post=66206"},{"taxonomy":"product_tag","embeddable":true,"href":"https:\/\/www.hirtenberg-apotheke.at\/katalog\/wp-json\/wp\/v2\/product_tag?post=66206"}],"curies":[{"name":"wp","href":"https:\/\/api.w.org\/{rel}","templated":true}]}}