{"id":66217,"date":"2025-11-26T21:50:55","date_gmt":"2025-11-26T20:50:55","guid":{"rendered":"https:\/\/www.hirtenberg-apotheke.at\/katalog\/produkt\/casida-fussspray-biofit-pflanzlicher-schutz-bei-fuss-nagelpilz\/"},"modified":"2025-11-26T21:51:50","modified_gmt":"2025-11-26T20:51:50","slug":"casida-fussspray-biofit-pflanzlicher-schutz-bei-fuss-nagelpilz","status":"publish","type":"product","link":"https:\/\/www.hirtenberg-apotheke.at\/katalog\/produkt\/casida-fussspray-biofit-pflanzlicher-schutz-bei-fuss-nagelpilz\/","title":{"rendered":"Casida FUSSSPRAY BioFit pflanzlicher Schutz bei Fu\u00df- &#038; Nagelpilz"},"content":{"rendered":"<p>Casida Biofit Fu\u00dfspray pflanzlich sch\u00fctzt wirkungsvoll vor Fu\u00df- und Nagelpilz, pflegt und erfrischt die F\u00fc\u00dfe. Au\u00dferdem eignet sich auch ideal zur Hygiene und Pflege, wenn Sie bereits von Fu\u00df- oder Nagelpilz betroffen sind.<\/p>\n","protected":false},"excerpt":{"rendered":"<p>Casida Biofit Fu\u00dfspray pflanzlich sch\u00fctzt wirkungsvoll vor Fu\u00df- und Nagelpilz, pflegt und erfrischt die F\u00fc\u00dfe. Au\u00dferdem eignet sich auch ideal zur Hygiene und Pflege, wenn Sie bereits von Fu\u00df- oder Nagelpilz betroffen sind.<\/p>\n","protected":false},"featured_media":66219,"template":"","meta":{"_acf_changed":false},"product_brand":[],"product_cat":[337],"product_tag":[],"class_list":{"0":"post-66217","1":"product","2":"type-product","3":"status-publish","4":"has-post-thumbnail","6":"product_cat-c","7":"pa_packungsgroesse-100ml","9":"first","10":"instock","11":"shipping-taxable","12":"purchasable","13":"product-type-simple"},"acf":[],"_links":{"self":[{"href":"https:\/\/www.hirtenberg-apotheke.at\/katalog\/wp-json\/wp\/v2\/product\/66217","targetHints":{"allow":["GET"]}}],"collection":[{"href":"https:\/\/www.hirtenberg-apotheke.at\/katalog\/wp-json\/wp\/v2\/product"}],"about":[{"href":"https:\/\/www.hirtenberg-apotheke.at\/katalog\/wp-json\/wp\/v2\/types\/product"}],"wp:featuredmedia":[{"embeddable":true,"href":"https:\/\/www.hirtenberg-apotheke.at\/katalog\/wp-json\/wp\/v2\/media\/66219"}],"wp:attachment":[{"href":"https:\/\/www.hirtenberg-apotheke.at\/katalog\/wp-json\/wp\/v2\/media?parent=66217"}],"wp:term":[{"taxonomy":"product_brand","embeddable":true,"href":"https:\/\/www.hirtenberg-apotheke.at\/katalog\/wp-json\/wp\/v2\/product_brand?post=66217"},{"taxonomy":"product_cat","embeddable":true,"href":"https:\/\/www.hirtenberg-apotheke.at\/katalog\/wp-json\/wp\/v2\/product_cat?post=66217"},{"taxonomy":"product_tag","embeddable":true,"href":"https:\/\/www.hirtenberg-apotheke.at\/katalog\/wp-json\/wp\/v2\/product_tag?post=66217"}],"curies":[{"name":"wp","href":"https:\/\/api.w.org\/{rel}","templated":true}]}}