{"id":66307,"date":"2025-11-26T21:53:12","date_gmt":"2025-11-26T20:53:12","guid":{"rendered":"https:\/\/www.hirtenberg-apotheke.at\/katalog\/produkt\/multinova-coprinus-extrakt-kapseln-60-stk-bio\/"},"modified":"2025-11-26T21:53:52","modified_gmt":"2025-11-26T20:53:52","slug":"multinova-coprinus-extrakt-kapseln-60-stk-bio","status":"publish","type":"product","link":"https:\/\/www.hirtenberg-apotheke.at\/katalog\/produkt\/multinova-coprinus-extrakt-kapseln-60-stk-bio\/","title":{"rendered":"Multinova Coprinus Extrakt Kapseln 60 Stk. BIO"},"content":{"rendered":"<p>Multinova Coprinus Extrakt Kapseln enthalten eine gro\u00dfe Menge an Kalium, Kalzium, Eisen, Mangan, Kupfer und Zink. Sie f\u00f6rdern die k\u00f6rpereigene Insulinbildung, womit somit eine blutzuckersenkende Wirkung erreicht werden kann. Das Produkt enth\u00e4lt teilweise biologische Inhaltsstoffe.<\/p>\n","protected":false},"excerpt":{"rendered":"<p>Multinova Coprinus Extrakt Kapseln enthalten eine gro\u00dfe Menge an Kalium, Kalzium, Eisen, Mangan, Kupfer und Zink. Sie f\u00f6rdern die k\u00f6rpereigene Insulinbildung, womit somit eine blutzuckersenkende Wirkung erreicht werden kann. Das Produkt enth\u00e4lt teilweise biologische Inhaltsstoffe.<\/p>\n","protected":false},"featured_media":66309,"template":"","meta":{"_acf_changed":false},"product_brand":[],"product_cat":[308],"product_tag":[],"class_list":{"0":"post-66307","1":"product","2":"type-product","3":"status-publish","4":"has-post-thumbnail","6":"product_cat-m","7":"pa_packungsgroesse-60-stueck","9":"first","10":"instock","11":"shipping-taxable","12":"purchasable","13":"product-type-simple"},"acf":[],"_links":{"self":[{"href":"https:\/\/www.hirtenberg-apotheke.at\/katalog\/wp-json\/wp\/v2\/product\/66307","targetHints":{"allow":["GET"]}}],"collection":[{"href":"https:\/\/www.hirtenberg-apotheke.at\/katalog\/wp-json\/wp\/v2\/product"}],"about":[{"href":"https:\/\/www.hirtenberg-apotheke.at\/katalog\/wp-json\/wp\/v2\/types\/product"}],"wp:featuredmedia":[{"embeddable":true,"href":"https:\/\/www.hirtenberg-apotheke.at\/katalog\/wp-json\/wp\/v2\/media\/66309"}],"wp:attachment":[{"href":"https:\/\/www.hirtenberg-apotheke.at\/katalog\/wp-json\/wp\/v2\/media?parent=66307"}],"wp:term":[{"taxonomy":"product_brand","embeddable":true,"href":"https:\/\/www.hirtenberg-apotheke.at\/katalog\/wp-json\/wp\/v2\/product_brand?post=66307"},{"taxonomy":"product_cat","embeddable":true,"href":"https:\/\/www.hirtenberg-apotheke.at\/katalog\/wp-json\/wp\/v2\/product_cat?post=66307"},{"taxonomy":"product_tag","embeddable":true,"href":"https:\/\/www.hirtenberg-apotheke.at\/katalog\/wp-json\/wp\/v2\/product_tag?post=66307"}],"curies":[{"name":"wp","href":"https:\/\/api.w.org\/{rel}","templated":true}]}}