{"id":66382,"date":"2025-11-26T21:54:57","date_gmt":"2025-11-26T20:54:57","guid":{"rendered":"https:\/\/www.hirtenberg-apotheke.at\/katalog\/produkt\/allergika-lipolotion-urea-10-200-ml\/"},"modified":"2025-11-26T21:55:01","modified_gmt":"2025-11-26T20:55:01","slug":"allergika-lipolotion-urea-10-200-ml","status":"publish","type":"product","link":"https:\/\/www.hirtenberg-apotheke.at\/katalog\/produkt\/allergika-lipolotion-urea-10-200-ml\/","title":{"rendered":"Allergika Lipolotion Urea 10% 200 ml"},"content":{"rendered":"<p>Allergika Lipolotion Urea 10% ist eine reichhaltige Intensiv-K\u00f6rperpflege zur Anwendung bei sehr trockener, juckender und schuppiger Haut, Psoriasis oder Ichthyosis. Die Pflege reduziert Feuchtigkeitsverlust durch Urea und Glycerin und st\u00e4rkt zudem die Lipidbarriere mit nat\u00fcrlichen \u00d6len. Hautgl\u00e4ttend durch schuppenl\u00f6sendes Urea.<\/p>\n","protected":false},"excerpt":{"rendered":"<p>Allergika Lipolotion Urea 10% ist eine reichhaltige Intensiv-K\u00f6rperpflege zur Anwendung bei sehr trockener, juckender und schuppiger Haut, Psoriasis oder Ichthyosis. Die Pflege reduziert Feuchtigkeitsverlust durch Urea und Glycerin und st\u00e4rkt zudem die Lipidbarriere mit nat\u00fcrlichen \u00d6len. Hautgl\u00e4ttend durch schuppenl\u00f6sendes Urea.<\/p>\n","protected":false},"featured_media":0,"template":"","meta":{"_acf_changed":false},"product_brand":[366],"product_cat":[299],"product_tag":[],"class_list":{"0":"post-66382","1":"product","2":"type-product","3":"status-publish","5":"product_brand-allergika","6":"product_cat-a","7":"pa_packungsgroesse-200ml","9":"first","10":"instock","11":"shipping-taxable","12":"purchasable","13":"product-type-simple"},"acf":[],"_links":{"self":[{"href":"https:\/\/www.hirtenberg-apotheke.at\/katalog\/wp-json\/wp\/v2\/product\/66382","targetHints":{"allow":["GET"]}}],"collection":[{"href":"https:\/\/www.hirtenberg-apotheke.at\/katalog\/wp-json\/wp\/v2\/product"}],"about":[{"href":"https:\/\/www.hirtenberg-apotheke.at\/katalog\/wp-json\/wp\/v2\/types\/product"}],"wp:attachment":[{"href":"https:\/\/www.hirtenberg-apotheke.at\/katalog\/wp-json\/wp\/v2\/media?parent=66382"}],"wp:term":[{"taxonomy":"product_brand","embeddable":true,"href":"https:\/\/www.hirtenberg-apotheke.at\/katalog\/wp-json\/wp\/v2\/product_brand?post=66382"},{"taxonomy":"product_cat","embeddable":true,"href":"https:\/\/www.hirtenberg-apotheke.at\/katalog\/wp-json\/wp\/v2\/product_cat?post=66382"},{"taxonomy":"product_tag","embeddable":true,"href":"https:\/\/www.hirtenberg-apotheke.at\/katalog\/wp-json\/wp\/v2\/product_tag?post=66382"}],"curies":[{"name":"wp","href":"https:\/\/api.w.org\/{rel}","templated":true}]}}