{"id":66452,"date":"2025-11-26T21:56:06","date_gmt":"2025-11-26T20:56:06","guid":{"rendered":"https:\/\/www.hirtenberg-apotheke.at\/katalog\/produkt\/life-light-spirulina-mineral-komplex-hefefrei-90-stk\/"},"modified":"2025-11-26T21:56:15","modified_gmt":"2025-11-26T20:56:15","slug":"life-light-spirulina-mineral-komplex-hefefrei-90-stk","status":"publish","type":"product","link":"https:\/\/www.hirtenberg-apotheke.at\/katalog\/produkt\/life-light-spirulina-mineral-komplex-hefefrei-90-stk\/","title":{"rendered":"Life Light Spirulina Mineral Komplex hefefrei 90 Stk."},"content":{"rendered":"<p>Mineral Tabletten Komplex Spirulina weisen ein ungew\u00f6hnlich reichhaltiges Angebot an Mikron\u00e4hrstoffen auf und in Kombination mit dem von Sonnenlicht gespeichertem Chlorophyll unterst\u00fctzt es zus\u00e4tzlich die Wirkung.<\/p>\n","protected":false},"excerpt":{"rendered":"<p>Mineral Tabletten Komplex Spirulina weisen ein ungew\u00f6hnlich reichhaltiges Angebot an Mikron\u00e4hrstoffen auf und in Kombination mit dem von Sonnenlicht gespeichertem Chlorophyll unterst\u00fctzt es zus\u00e4tzlich die Wirkung.<\/p>\n","protected":false},"featured_media":66454,"template":"","meta":{"_acf_changed":false},"product_brand":[],"product_cat":[317],"product_tag":[],"class_list":{"0":"post-66452","1":"product","2":"type-product","3":"status-publish","4":"has-post-thumbnail","6":"product_cat-l","7":"pa_packungsgroesse-90-stueck","9":"first","10":"instock","11":"shipping-taxable","12":"purchasable","13":"product-type-simple"},"acf":[],"_links":{"self":[{"href":"https:\/\/www.hirtenberg-apotheke.at\/katalog\/wp-json\/wp\/v2\/product\/66452","targetHints":{"allow":["GET"]}}],"collection":[{"href":"https:\/\/www.hirtenberg-apotheke.at\/katalog\/wp-json\/wp\/v2\/product"}],"about":[{"href":"https:\/\/www.hirtenberg-apotheke.at\/katalog\/wp-json\/wp\/v2\/types\/product"}],"wp:featuredmedia":[{"embeddable":true,"href":"https:\/\/www.hirtenberg-apotheke.at\/katalog\/wp-json\/wp\/v2\/media\/66454"}],"wp:attachment":[{"href":"https:\/\/www.hirtenberg-apotheke.at\/katalog\/wp-json\/wp\/v2\/media?parent=66452"}],"wp:term":[{"taxonomy":"product_brand","embeddable":true,"href":"https:\/\/www.hirtenberg-apotheke.at\/katalog\/wp-json\/wp\/v2\/product_brand?post=66452"},{"taxonomy":"product_cat","embeddable":true,"href":"https:\/\/www.hirtenberg-apotheke.at\/katalog\/wp-json\/wp\/v2\/product_cat?post=66452"},{"taxonomy":"product_tag","embeddable":true,"href":"https:\/\/www.hirtenberg-apotheke.at\/katalog\/wp-json\/wp\/v2\/product_tag?post=66452"}],"curies":[{"name":"wp","href":"https:\/\/api.w.org\/{rel}","templated":true}]}}