{"id":66457,"date":"2025-11-26T21:56:06","date_gmt":"2025-11-26T20:56:06","guid":{"rendered":"https:\/\/www.hirtenberg-apotheke.at\/katalog\/produkt\/sebamed-frische-deo-frisch-roll-on-50-ml\/"},"modified":"2025-11-26T21:56:18","modified_gmt":"2025-11-26T20:56:18","slug":"sebamed-frische-deo-frisch-roll-on-50-ml","status":"publish","type":"product","link":"https:\/\/www.hirtenberg-apotheke.at\/katalog\/produkt\/sebamed-frische-deo-frisch-roll-on-50-ml\/","title":{"rendered":"Sebamed Frische Deo Frisch Roll-On 50 ml"},"content":{"rendered":"<p>Sebamed Frische Deo Frisch Roll-On gibt nachhaltige Frische und schont die empfindliche Haut. Der pH-Wert 5,5 f\u00f6rdert die Funktion der gesunden Haut. Dadurch wird die Hemmung von Geruchsbakterien unterst\u00fctzt. Besonders hautvertr\u00e4glich, ohne Aluminiumsalze.<\/p>\n","protected":false},"excerpt":{"rendered":"<p>Sebamed Frische Deo Frisch Roll-On gibt nachhaltige Frische und schont die empfindliche Haut. Der pH-Wert 5,5 f\u00f6rdert die Funktion der gesunden Haut. Dadurch wird die Hemmung von Geruchsbakterien unterst\u00fctzt. Besonders hautvertr\u00e4glich, ohne Aluminiumsalze.<\/p>\n","protected":false},"featured_media":0,"template":"","meta":{"_acf_changed":false},"product_brand":[753],"product_cat":[303],"product_tag":[],"class_list":{"0":"post-66457","1":"product","2":"type-product","3":"status-publish","5":"product_brand-sebamed","6":"product_cat-s","7":"pa_packungsgroesse-50ml","9":"first","10":"instock","11":"shipping-taxable","12":"purchasable","13":"product-type-simple"},"acf":[],"_links":{"self":[{"href":"https:\/\/www.hirtenberg-apotheke.at\/katalog\/wp-json\/wp\/v2\/product\/66457","targetHints":{"allow":["GET"]}}],"collection":[{"href":"https:\/\/www.hirtenberg-apotheke.at\/katalog\/wp-json\/wp\/v2\/product"}],"about":[{"href":"https:\/\/www.hirtenberg-apotheke.at\/katalog\/wp-json\/wp\/v2\/types\/product"}],"wp:attachment":[{"href":"https:\/\/www.hirtenberg-apotheke.at\/katalog\/wp-json\/wp\/v2\/media?parent=66457"}],"wp:term":[{"taxonomy":"product_brand","embeddable":true,"href":"https:\/\/www.hirtenberg-apotheke.at\/katalog\/wp-json\/wp\/v2\/product_brand?post=66457"},{"taxonomy":"product_cat","embeddable":true,"href":"https:\/\/www.hirtenberg-apotheke.at\/katalog\/wp-json\/wp\/v2\/product_cat?post=66457"},{"taxonomy":"product_tag","embeddable":true,"href":"https:\/\/www.hirtenberg-apotheke.at\/katalog\/wp-json\/wp\/v2\/product_tag?post=66457"}],"curies":[{"name":"wp","href":"https:\/\/api.w.org\/{rel}","templated":true}]}}