{"id":66515,"date":"2025-11-26T21:57:10","date_gmt":"2025-11-26T20:57:10","guid":{"rendered":"https:\/\/www.hirtenberg-apotheke.at\/katalog\/produkt\/life-light-cranberry-kapseln-60-stk\/"},"modified":"2025-11-26T21:57:24","modified_gmt":"2025-11-26T20:57:24","slug":"life-light-cranberry-kapseln-60-stk","status":"publish","type":"product","link":"https:\/\/www.hirtenberg-apotheke.at\/katalog\/produkt\/life-light-cranberry-kapseln-60-stk\/","title":{"rendered":"Life Light Cranberry Kapseln 60 Stk."},"content":{"rendered":"<p>Life Light Cranberry Kapseln enthalten Kalium, Natrium und Phosphor und sind ber\u00fchmt wegen ihres Vitamin C-Gehalts. Reiner Cranberry-Extrakt dient zur bedarfsgerechten Erg\u00e4nzung der t\u00e4glichen Ern\u00e4hrung. Besonders wertvoll mit Vitamin B12, welches zu einem normalen Energiestoffwechsel und zur Verringerung von M\u00fcdigkeit beitr\u00e4gt.<\/p>\n","protected":false},"excerpt":{"rendered":"<p>Life Light Cranberry Kapseln enthalten Kalium, Natrium und Phosphor und sind ber\u00fchmt wegen ihres Vitamin C-Gehalts. Reiner Cranberry-Extrakt dient zur bedarfsgerechten Erg\u00e4nzung der t\u00e4glichen Ern\u00e4hrung. Besonders wertvoll mit Vitamin B12, welches zu einem normalen Energiestoffwechsel und zur Verringerung von M\u00fcdigkeit beitr\u00e4gt.<\/p>\n","protected":false},"featured_media":66517,"template":"","meta":{"_acf_changed":false},"product_brand":[],"product_cat":[317],"product_tag":[],"class_list":{"0":"post-66515","1":"product","2":"type-product","3":"status-publish","4":"has-post-thumbnail","6":"product_cat-l","7":"pa_packungsgroesse-60-stueck","9":"first","10":"instock","11":"shipping-taxable","12":"purchasable","13":"product-type-simple"},"acf":[],"_links":{"self":[{"href":"https:\/\/www.hirtenberg-apotheke.at\/katalog\/wp-json\/wp\/v2\/product\/66515","targetHints":{"allow":["GET"]}}],"collection":[{"href":"https:\/\/www.hirtenberg-apotheke.at\/katalog\/wp-json\/wp\/v2\/product"}],"about":[{"href":"https:\/\/www.hirtenberg-apotheke.at\/katalog\/wp-json\/wp\/v2\/types\/product"}],"wp:featuredmedia":[{"embeddable":true,"href":"https:\/\/www.hirtenberg-apotheke.at\/katalog\/wp-json\/wp\/v2\/media\/66517"}],"wp:attachment":[{"href":"https:\/\/www.hirtenberg-apotheke.at\/katalog\/wp-json\/wp\/v2\/media?parent=66515"}],"wp:term":[{"taxonomy":"product_brand","embeddable":true,"href":"https:\/\/www.hirtenberg-apotheke.at\/katalog\/wp-json\/wp\/v2\/product_brand?post=66515"},{"taxonomy":"product_cat","embeddable":true,"href":"https:\/\/www.hirtenberg-apotheke.at\/katalog\/wp-json\/wp\/v2\/product_cat?post=66515"},{"taxonomy":"product_tag","embeddable":true,"href":"https:\/\/www.hirtenberg-apotheke.at\/katalog\/wp-json\/wp\/v2\/product_tag?post=66515"}],"curies":[{"name":"wp","href":"https:\/\/api.w.org\/{rel}","templated":true}]}}