{"id":66598,"date":"2025-11-26T21:59:00","date_gmt":"2025-11-26T20:59:00","guid":{"rendered":"https:\/\/www.hirtenberg-apotheke.at\/katalog\/produkt\/depilan-invisible-hair-bleichcreme-100-ml\/"},"modified":"2025-11-26T21:59:09","modified_gmt":"2025-11-26T20:59:09","slug":"depilan-invisible-hair-bleichcreme-100-ml","status":"publish","type":"product","link":"https:\/\/www.hirtenberg-apotheke.at\/katalog\/produkt\/depilan-invisible-hair-bleichcreme-100-ml\/","title":{"rendered":"Depilan Invisible Hair Bleichcreme 100 ml"},"content":{"rendered":"<p>Depilan Invisible Hair Bleichcreme l\u00e4sst H\u00e4rchen, die nicht entfernt werden sollen optisch verschwinden. Die Creme entzieht den H\u00e4rchen die Farbe.<\/p>\n","protected":false},"excerpt":{"rendered":"<p>Depilan Invisible Hair Bleichcreme l\u00e4sst H\u00e4rchen, die nicht entfernt werden sollen optisch verschwinden. Die Creme entzieht den H\u00e4rchen die Farbe.<\/p>\n","protected":false},"featured_media":0,"template":"","meta":{"_acf_changed":false},"product_brand":[],"product_cat":[295],"product_tag":[],"class_list":{"0":"post-66598","1":"product","2":"type-product","3":"status-publish","5":"product_cat-d","6":"pa_packungsgroesse-2-stueck","8":"first","9":"instock","10":"shipping-taxable","11":"purchasable","12":"product-type-simple"},"acf":[],"_links":{"self":[{"href":"https:\/\/www.hirtenberg-apotheke.at\/katalog\/wp-json\/wp\/v2\/product\/66598","targetHints":{"allow":["GET"]}}],"collection":[{"href":"https:\/\/www.hirtenberg-apotheke.at\/katalog\/wp-json\/wp\/v2\/product"}],"about":[{"href":"https:\/\/www.hirtenberg-apotheke.at\/katalog\/wp-json\/wp\/v2\/types\/product"}],"wp:attachment":[{"href":"https:\/\/www.hirtenberg-apotheke.at\/katalog\/wp-json\/wp\/v2\/media?parent=66598"}],"wp:term":[{"taxonomy":"product_brand","embeddable":true,"href":"https:\/\/www.hirtenberg-apotheke.at\/katalog\/wp-json\/wp\/v2\/product_brand?post=66598"},{"taxonomy":"product_cat","embeddable":true,"href":"https:\/\/www.hirtenberg-apotheke.at\/katalog\/wp-json\/wp\/v2\/product_cat?post=66598"},{"taxonomy":"product_tag","embeddable":true,"href":"https:\/\/www.hirtenberg-apotheke.at\/katalog\/wp-json\/wp\/v2\/product_tag?post=66598"}],"curies":[{"name":"wp","href":"https:\/\/api.w.org\/{rel}","templated":true}]}}