{"id":66687,"date":"2025-11-26T22:00:07","date_gmt":"2025-11-26T21:00:07","guid":{"rendered":"https:\/\/www.hirtenberg-apotheke.at\/katalog\/produkt\/johanniskrautoel-a-vogel\/"},"modified":"2025-11-26T22:01:01","modified_gmt":"2025-11-26T21:01:01","slug":"johanniskrautoel-a-vogel","status":"publish","type":"product","link":"https:\/\/www.hirtenberg-apotheke.at\/katalog\/produkt\/johanniskrautoel-a-vogel\/","title":{"rendered":"JOHANNISKRAUT\u00d6L A. Vogel"},"content":{"rendered":"<p>A.Vogel Johanniskraut \u00d6l besteht aus frisch gepfl\u00fcckten, zerkleinerten Bl\u00fcten und Bl\u00fctenknospen von Johanniskraut mit Sonnenblumen\u00f6l gemischt, das l\u00e4ngere Zeit der Sonne ausgesetzt wird.<\/p>\n","protected":false},"excerpt":{"rendered":"<p>A.Vogel Johanniskraut \u00d6l besteht aus frisch gepfl\u00fcckten, zerkleinerten Bl\u00fcten und Bl\u00fctenknospen von Johanniskraut mit Sonnenblumen\u00f6l gemischt, das l\u00e4ngere Zeit der Sonne ausgesetzt wird.<\/p>\n","protected":false},"featured_media":66689,"template":"","meta":{"_acf_changed":false},"product_brand":[],"product_cat":[335],"product_tag":[],"class_list":{"0":"post-66687","1":"product","2":"type-product","3":"status-publish","4":"has-post-thumbnail","6":"product_cat-j","7":"pa_packungsgroesse-100ml","9":"first","10":"instock","11":"shipping-taxable","12":"purchasable","13":"product-type-simple"},"acf":[],"_links":{"self":[{"href":"https:\/\/www.hirtenberg-apotheke.at\/katalog\/wp-json\/wp\/v2\/product\/66687","targetHints":{"allow":["GET"]}}],"collection":[{"href":"https:\/\/www.hirtenberg-apotheke.at\/katalog\/wp-json\/wp\/v2\/product"}],"about":[{"href":"https:\/\/www.hirtenberg-apotheke.at\/katalog\/wp-json\/wp\/v2\/types\/product"}],"wp:featuredmedia":[{"embeddable":true,"href":"https:\/\/www.hirtenberg-apotheke.at\/katalog\/wp-json\/wp\/v2\/media\/66689"}],"wp:attachment":[{"href":"https:\/\/www.hirtenberg-apotheke.at\/katalog\/wp-json\/wp\/v2\/media?parent=66687"}],"wp:term":[{"taxonomy":"product_brand","embeddable":true,"href":"https:\/\/www.hirtenberg-apotheke.at\/katalog\/wp-json\/wp\/v2\/product_brand?post=66687"},{"taxonomy":"product_cat","embeddable":true,"href":"https:\/\/www.hirtenberg-apotheke.at\/katalog\/wp-json\/wp\/v2\/product_cat?post=66687"},{"taxonomy":"product_tag","embeddable":true,"href":"https:\/\/www.hirtenberg-apotheke.at\/katalog\/wp-json\/wp\/v2\/product_tag?post=66687"}],"curies":[{"name":"wp","href":"https:\/\/api.w.org\/{rel}","templated":true}]}}