{"id":66759,"date":"2025-11-26T23:01:31","date_gmt":"2025-11-26T22:01:31","guid":{"rendered":"https:\/\/www.hirtenberg-apotheke.at\/katalog\/produkt\/bericard-tropfen-zum-einnehmen\/"},"modified":"2025-11-26T23:01:59","modified_gmt":"2025-11-26T22:01:59","slug":"bericard-tropfen-zum-einnehmen","status":"publish","type":"product","link":"https:\/\/www.hirtenberg-apotheke.at\/katalog\/produkt\/bericard-tropfen-zum-einnehmen\/","title":{"rendered":"Bericard Tropfen zum Einnehmen"},"content":{"rendered":"<p>Bericard Tropfen verbessern den Energiestoffwechsel in den Zellen und steigern die Herzleistung. Die Durchblutung des Herzmuskels und der Herzgef\u00e4\u00dfe wird gef\u00f6rdert. Der Herzrhythmus wird normalisiert und somit Herz und Kreislauf stabilisiert.<\/p>\n","protected":false},"excerpt":{"rendered":"<p>Bericard Tropfen verbessern den Energiestoffwechsel in den Zellen und steigern die Herzleistung. Die Durchblutung des Herzmuskels und der Herzgef\u00e4\u00dfe wird gef\u00f6rdert. Der Herzrhythmus wird normalisiert und somit Herz und Kreislauf stabilisiert.<\/p>\n","protected":false},"featured_media":66761,"template":"","meta":{"_acf_changed":false},"product_brand":[],"product_cat":[292],"product_tag":[],"class_list":{"0":"post-66759","1":"product","2":"type-product","3":"status-publish","4":"has-post-thumbnail","6":"product_cat-b","7":"pa_packungsgroesse-50ml","9":"first","10":"instock","11":"shipping-taxable","12":"purchasable","13":"product-type-simple"},"acf":[],"_links":{"self":[{"href":"https:\/\/www.hirtenberg-apotheke.at\/katalog\/wp-json\/wp\/v2\/product\/66759","targetHints":{"allow":["GET"]}}],"collection":[{"href":"https:\/\/www.hirtenberg-apotheke.at\/katalog\/wp-json\/wp\/v2\/product"}],"about":[{"href":"https:\/\/www.hirtenberg-apotheke.at\/katalog\/wp-json\/wp\/v2\/types\/product"}],"wp:featuredmedia":[{"embeddable":true,"href":"https:\/\/www.hirtenberg-apotheke.at\/katalog\/wp-json\/wp\/v2\/media\/66761"}],"wp:attachment":[{"href":"https:\/\/www.hirtenberg-apotheke.at\/katalog\/wp-json\/wp\/v2\/media?parent=66759"}],"wp:term":[{"taxonomy":"product_brand","embeddable":true,"href":"https:\/\/www.hirtenberg-apotheke.at\/katalog\/wp-json\/wp\/v2\/product_brand?post=66759"},{"taxonomy":"product_cat","embeddable":true,"href":"https:\/\/www.hirtenberg-apotheke.at\/katalog\/wp-json\/wp\/v2\/product_cat?post=66759"},{"taxonomy":"product_tag","embeddable":true,"href":"https:\/\/www.hirtenberg-apotheke.at\/katalog\/wp-json\/wp\/v2\/product_tag?post=66759"}],"curies":[{"name":"wp","href":"https:\/\/api.w.org\/{rel}","templated":true}]}}