{"id":66768,"date":"2025-11-26T23:01:58","date_gmt":"2025-11-26T22:01:58","guid":{"rendered":"https:\/\/www.hirtenberg-apotheke.at\/katalog\/produkt\/dr-metz-panaktiv-fluessig-bierhefe\/"},"modified":"2025-11-26T23:02:15","modified_gmt":"2025-11-26T22:02:15","slug":"dr-metz-panaktiv-fluessig-bierhefe","status":"publish","type":"product","link":"https:\/\/www.hirtenberg-apotheke.at\/katalog\/produkt\/dr-metz-panaktiv-fluessig-bierhefe\/","title":{"rendered":"Dr. Metz Panaktiv fl\u00fcssig Bierhefe"},"content":{"rendered":"<p>Dr. Metz Panaktiv fl\u00fcssig Bierhefe sorgt f\u00fcr einen aktiven Stoffwechsel und unterst\u00fctzt die Abwehrkr\u00e4fte und den Zellschutz. Die Bierhefe f\u00f6rdert zudem die Konzentrations- und Leistungsf\u00e4higkeit. F\u00fcr sch\u00f6ne Haut, Haare und N\u00e4gel.<\/p>\n","protected":false},"excerpt":{"rendered":"<p>Dr. Metz Panaktiv fl\u00fcssig Bierhefe sorgt f\u00fcr einen aktiven Stoffwechsel und unterst\u00fctzt die Abwehrkr\u00e4fte und den Zellschutz. Die Bierhefe f\u00f6rdert zudem die Konzentrations- und Leistungsf\u00e4higkeit. F\u00fcr sch\u00f6ne Haut, Haare und N\u00e4gel.<\/p>\n","protected":false},"featured_media":66770,"template":"","meta":{"_acf_changed":false},"product_brand":[],"product_cat":[295],"product_tag":[],"class_list":{"0":"post-66768","1":"product","2":"type-product","3":"status-publish","4":"has-post-thumbnail","6":"product_cat-d","7":"pa_packungsgroesse-500ml","9":"first","10":"instock","11":"shipping-taxable","12":"purchasable","13":"product-type-simple"},"acf":[],"_links":{"self":[{"href":"https:\/\/www.hirtenberg-apotheke.at\/katalog\/wp-json\/wp\/v2\/product\/66768","targetHints":{"allow":["GET"]}}],"collection":[{"href":"https:\/\/www.hirtenberg-apotheke.at\/katalog\/wp-json\/wp\/v2\/product"}],"about":[{"href":"https:\/\/www.hirtenberg-apotheke.at\/katalog\/wp-json\/wp\/v2\/types\/product"}],"wp:featuredmedia":[{"embeddable":true,"href":"https:\/\/www.hirtenberg-apotheke.at\/katalog\/wp-json\/wp\/v2\/media\/66770"}],"wp:attachment":[{"href":"https:\/\/www.hirtenberg-apotheke.at\/katalog\/wp-json\/wp\/v2\/media?parent=66768"}],"wp:term":[{"taxonomy":"product_brand","embeddable":true,"href":"https:\/\/www.hirtenberg-apotheke.at\/katalog\/wp-json\/wp\/v2\/product_brand?post=66768"},{"taxonomy":"product_cat","embeddable":true,"href":"https:\/\/www.hirtenberg-apotheke.at\/katalog\/wp-json\/wp\/v2\/product_cat?post=66768"},{"taxonomy":"product_tag","embeddable":true,"href":"https:\/\/www.hirtenberg-apotheke.at\/katalog\/wp-json\/wp\/v2\/product_tag?post=66768"}],"curies":[{"name":"wp","href":"https:\/\/api.w.org\/{rel}","templated":true}]}}