{"id":66811,"date":"2025-11-26T23:03:05","date_gmt":"2025-11-26T22:03:05","guid":{"rendered":"https:\/\/www.hirtenberg-apotheke.at\/katalog\/produkt\/sperti-preparation-h-haemorrhoidalzaepfchen\/"},"modified":"2025-11-26T23:03:39","modified_gmt":"2025-11-26T22:03:39","slug":"sperti-preparation-h-haemorrhoidalzaepfchen","status":"publish","type":"product","link":"https:\/\/www.hirtenberg-apotheke.at\/katalog\/produkt\/sperti-preparation-h-haemorrhoidalzaepfchen\/","title":{"rendered":"SPERTI PREPARATION H H\u00e4morrhoidalz\u00e4pfchen"},"content":{"rendered":"<p>Sperti\u00ae Preparation H ist ein entz\u00fcndungshemmendes Arzneimittel zur Behandlung von H\u00e4morrhoidalleiden und l\u00e4\u00dft H\u00e4morrhoiden schrumpfen, lindert Schmerzen, beseitigt Brennen, Jucken und Stechen.<\/p>\n","protected":false},"excerpt":{"rendered":"<p>Sperti\u00ae Preparation H ist ein entz\u00fcndungshemmendes Arzneimittel zur Behandlung von H\u00e4morrhoidalleiden und l\u00e4\u00dft H\u00e4morrhoiden schrumpfen, lindert Schmerzen, beseitigt Brennen, Jucken und Stechen.<\/p>\n","protected":false},"featured_media":66813,"template":"","meta":{"_acf_changed":false},"product_brand":[],"product_cat":[303],"product_tag":[],"class_list":{"0":"post-66811","1":"product","2":"type-product","3":"status-publish","4":"has-post-thumbnail","6":"product_cat-s","7":"pa_packungsgroesse-12-stueck","9":"first","10":"instock","11":"shipping-taxable","12":"purchasable","13":"product-type-simple"},"acf":[],"_links":{"self":[{"href":"https:\/\/www.hirtenberg-apotheke.at\/katalog\/wp-json\/wp\/v2\/product\/66811","targetHints":{"allow":["GET"]}}],"collection":[{"href":"https:\/\/www.hirtenberg-apotheke.at\/katalog\/wp-json\/wp\/v2\/product"}],"about":[{"href":"https:\/\/www.hirtenberg-apotheke.at\/katalog\/wp-json\/wp\/v2\/types\/product"}],"wp:featuredmedia":[{"embeddable":true,"href":"https:\/\/www.hirtenberg-apotheke.at\/katalog\/wp-json\/wp\/v2\/media\/66813"}],"wp:attachment":[{"href":"https:\/\/www.hirtenberg-apotheke.at\/katalog\/wp-json\/wp\/v2\/media?parent=66811"}],"wp:term":[{"taxonomy":"product_brand","embeddable":true,"href":"https:\/\/www.hirtenberg-apotheke.at\/katalog\/wp-json\/wp\/v2\/product_brand?post=66811"},{"taxonomy":"product_cat","embeddable":true,"href":"https:\/\/www.hirtenberg-apotheke.at\/katalog\/wp-json\/wp\/v2\/product_cat?post=66811"},{"taxonomy":"product_tag","embeddable":true,"href":"https:\/\/www.hirtenberg-apotheke.at\/katalog\/wp-json\/wp\/v2\/product_tag?post=66811"}],"curies":[{"name":"wp","href":"https:\/\/api.w.org\/{rel}","templated":true}]}}