{"id":66834,"date":"2025-11-26T23:03:49","date_gmt":"2025-11-26T22:03:49","guid":{"rendered":"https:\/\/www.hirtenberg-apotheke.at\/katalog\/produkt\/venoruton-gel\/"},"modified":"2025-11-26T23:04:15","modified_gmt":"2025-11-26T22:04:15","slug":"venoruton-gel","status":"publish","type":"product","link":"https:\/\/www.hirtenberg-apotheke.at\/katalog\/produkt\/venoruton-gel\/","title":{"rendered":"Venoruton Gel"},"content":{"rendered":"<p>VENORUTON\u00ae Gel vermindert die bei Venenleiden krankhaft erh\u00f6hte Durchl\u00e4ssigkeit der kleinen Blutgef\u00e4\u00dfe und verbessert gleichzeitig die Flie\u00dfeigenschaften des Blutes.<\/p>\n","protected":false},"excerpt":{"rendered":"<p>VENORUTON\u00ae Gel vermindert die bei Venenleiden krankhaft erh\u00f6hte Durchl\u00e4ssigkeit der kleinen Blutgef\u00e4\u00dfe und verbessert gleichzeitig die Flie\u00dfeigenschaften des Blutes.<\/p>\n","protected":false},"featured_media":66836,"template":"","meta":{"_acf_changed":false},"product_brand":[],"product_cat":[300],"product_tag":[],"class_list":{"0":"post-66834","1":"product","2":"type-product","3":"status-publish","4":"has-post-thumbnail","6":"product_cat-v","7":"pa_packungsgroesse-100g","8":"pa_packungsgroesse-40g","10":"first","11":"instock","12":"shipping-taxable","13":"purchasable","14":"product-type-variable"},"acf":[],"_links":{"self":[{"href":"https:\/\/www.hirtenberg-apotheke.at\/katalog\/wp-json\/wp\/v2\/product\/66834","targetHints":{"allow":["GET"]}}],"collection":[{"href":"https:\/\/www.hirtenberg-apotheke.at\/katalog\/wp-json\/wp\/v2\/product"}],"about":[{"href":"https:\/\/www.hirtenberg-apotheke.at\/katalog\/wp-json\/wp\/v2\/types\/product"}],"wp:featuredmedia":[{"embeddable":true,"href":"https:\/\/www.hirtenberg-apotheke.at\/katalog\/wp-json\/wp\/v2\/media\/66836"}],"wp:attachment":[{"href":"https:\/\/www.hirtenberg-apotheke.at\/katalog\/wp-json\/wp\/v2\/media?parent=66834"}],"wp:term":[{"taxonomy":"product_brand","embeddable":true,"href":"https:\/\/www.hirtenberg-apotheke.at\/katalog\/wp-json\/wp\/v2\/product_brand?post=66834"},{"taxonomy":"product_cat","embeddable":true,"href":"https:\/\/www.hirtenberg-apotheke.at\/katalog\/wp-json\/wp\/v2\/product_cat?post=66834"},{"taxonomy":"product_tag","embeddable":true,"href":"https:\/\/www.hirtenberg-apotheke.at\/katalog\/wp-json\/wp\/v2\/product_tag?post=66834"}],"curies":[{"name":"wp","href":"https:\/\/api.w.org\/{rel}","templated":true}]}}