{"id":66857,"date":"2025-11-26T23:04:38","date_gmt":"2025-11-26T22:04:38","guid":{"rendered":"https:\/\/www.hirtenberg-apotheke.at\/katalog\/produkt\/china-oel-tropfen-25-ml\/"},"modified":"2025-11-26T23:04:47","modified_gmt":"2025-11-26T22:04:47","slug":"china-oel-tropfen-25-ml","status":"publish","type":"product","link":"https:\/\/www.hirtenberg-apotheke.at\/katalog\/produkt\/china-oel-tropfen-25-ml\/","title":{"rendered":"China \u00d6l Tropfen 25 ml"},"content":{"rendered":"<p>China \u00d6l ist ein traditionelles pflanzliches Arzneimittel zur Linderung der Beschwerden bei Husten und Erk\u00e4ltung. Au\u00dferdem bek\u00e4mpft es Spannungskopfschmerzen und lokale Muskelschmerzen.<\/p>\n","protected":false},"excerpt":{"rendered":"<p>China \u00d6l ist ein traditionelles pflanzliches Arzneimittel zur Linderung der Beschwerden bei Husten und Erk\u00e4ltung. Au\u00dferdem bek\u00e4mpft es Spannungskopfschmerzen und lokale Muskelschmerzen.<\/p>\n","protected":false},"featured_media":0,"template":"","meta":{"_acf_changed":false},"product_brand":[],"product_cat":[337],"product_tag":[],"class_list":{"0":"post-66857","1":"product","2":"type-product","3":"status-publish","5":"product_cat-c","6":"pa_packungsgroesse-25ml","8":"first","9":"instock","10":"shipping-taxable","11":"purchasable","12":"product-type-simple"},"acf":[],"_links":{"self":[{"href":"https:\/\/www.hirtenberg-apotheke.at\/katalog\/wp-json\/wp\/v2\/product\/66857","targetHints":{"allow":["GET"]}}],"collection":[{"href":"https:\/\/www.hirtenberg-apotheke.at\/katalog\/wp-json\/wp\/v2\/product"}],"about":[{"href":"https:\/\/www.hirtenberg-apotheke.at\/katalog\/wp-json\/wp\/v2\/types\/product"}],"wp:attachment":[{"href":"https:\/\/www.hirtenberg-apotheke.at\/katalog\/wp-json\/wp\/v2\/media?parent=66857"}],"wp:term":[{"taxonomy":"product_brand","embeddable":true,"href":"https:\/\/www.hirtenberg-apotheke.at\/katalog\/wp-json\/wp\/v2\/product_brand?post=66857"},{"taxonomy":"product_cat","embeddable":true,"href":"https:\/\/www.hirtenberg-apotheke.at\/katalog\/wp-json\/wp\/v2\/product_cat?post=66857"},{"taxonomy":"product_tag","embeddable":true,"href":"https:\/\/www.hirtenberg-apotheke.at\/katalog\/wp-json\/wp\/v2\/product_tag?post=66857"}],"curies":[{"name":"wp","href":"https:\/\/api.w.org\/{rel}","templated":true}]}}