{"id":66863,"date":"2025-11-26T23:04:38","date_gmt":"2025-11-26T22:04:38","guid":{"rendered":"https:\/\/www.hirtenberg-apotheke.at\/katalog\/produkt\/celimo-zitrone-brausetabletten\/"},"modified":"2025-11-26T23:04:56","modified_gmt":"2025-11-26T22:04:56","slug":"celimo-zitrone-brausetabletten","status":"publish","type":"product","link":"https:\/\/www.hirtenberg-apotheke.at\/katalog\/produkt\/celimo-zitrone-brausetabletten\/","title":{"rendered":"CeLimo Zitrone Brausetabletten"},"content":{"rendered":"<h3>Eigenschaften und Wirksamkeit:<\/h3>\n<p>Vitamin C hat eine allgemein aktivierende Wirkung auf das Stoffwechselgeschehen im Organismus.<br \/>Ascorbins\u00e4ure ist unbedingt notwendig f\u00fcr die Bildung der Knorpel, Knochen und Z\u00e4hne, es unterst\u00fctzt die Infektabwehr und Wundheilung und f\u00f6rdert die Blutbildung.<br \/>Ein Absinken des Vitamin C-Spiegels ist der Grund f\u00fcr viele krankhafte Zust\u00e4nde.<br \/>Es besteht ein sehr gro\u00dfer Spielraum vom ersten Krankheitszeichen bis zum akuten Auftreten eines Ern\u00e4hrungsschadens (z.B. Skorbut). Die Ursache eines zu niedrigen Vitamin C-Spiegels kann in einem zu geringen Angebot in der Nahrung liegen, insbesondere nach zu langer und unsachgem\u00e4\u00dfer Lagerung von Obst und Gem\u00fcse bzw. durch vitaminzerst\u00f6rende Zubereitung von Speisen oder Di\u00e4ten.<br \/>Im h\u00f6heren Alter besteht oft eine schlechte Aufnahme. Besonders wichtig ist die Vitamin C-Zufuhr im Fr\u00fchjahr, wo jahreszeitlich bedingt der Vitamin C-Gehalt des K\u00f6rpers auf einem Tiefpunkt ist.<br \/>Bei schweren Krankheiten wird vermehrt Vitamin C verbraucht.<br \/>Durch Ce-Limo-Brausetabletten werden die Vitamin C-Speicher aufgef\u00fcllt.<br \/>Unter allen Vitaminen spielt Vitamin C f\u00fcr die Leistungssteigerung zweifellos die gr\u00f6\u00dfte Rolle.<br \/>Dies beweisen nicht nur der vielfach festgestellte vermehrte Vitamin C-Bedarf bei gro\u00dfen sportlichen Anstrengungen, sondern indirekt auch die Abnahme der Leistungsf\u00e4higkeit bei Mangel an Vitamin C.<br \/><strong><br \/>Anwendungsgebiete:<\/strong><br \/>Ce-Limo ist angezeigt zur Vorbeugung und Behandlung von Vitamin C-Mangel. Bei erh\u00f6hter k\u00f6rperlicher und geistiger Anstrengung, sowie in der Rekonvaleszenz, sowie bei Fr\u00fchjahrsm\u00fcdigkeit. Zur Steigerung der nat\u00fcrlichen Abwehrkr\u00e4fte bei Infektionskrankheiten; zur F\u00f6rderung der Wund- und Bruchheilung; bei Blutungszust\u00e4nden, wie sie bei Zahnfleischwund, Mundschleimhautentz\u00fcndungen vorkommen.<\/p>\n<h3>Art der Anwendung:<\/h3>\n<p>1 Brausetablette wird in einem Glas Wasser (ca.1\/8 l) aufgel\u00f6st und ergibt eine wohlschmeckende Limonade.<br \/>Ce-Limo kann auch in hei\u00dfem Tee, Fruchts\u00e4ften etc. aufgel\u00f6st werden.<br \/><strong><br \/>Dosierung:<\/strong><br \/>Falls nicht anders verordnet, Dosierung genau einhalten.<br \/>Zur Vorbeugung in Zeiten erh\u00f6hter Infektionsgefahr sowie bei k\u00f6rperlichen und geistigen Anstrengungen eine Brausetablette t\u00e4glich. Zur Therapie k\u00f6nnen auch mehrere Brausetabletten t\u00e4glich genommen werden.<\/p>\n<p><strong>Gegenanzeigen:<\/strong><br \/>Darf nicht angewendet werden bei:<br \/>\u00dcberempfindlichkeit gegen einen der Bestandteile.<\/p>\n<p><strong>Vorsicht bei:<\/strong><br \/>Reizzust\u00e4nden der Magenschleimhaut und Neigung zu Nierensteinen, da bei h\u00f6heren Dosen von Vitamin C die Bereitschaft zur Steinbildung gef\u00f6rdert werden kann.<br \/><strong><br \/>Schwangerschaft und Stillperiode:<\/strong><br \/>W\u00e4hrend der Schwangerschaft und Stillperiode ist Vitamin C mit Zur\u00fcckhaltung zu verwenden.<br \/><strong><br \/>Nebenwirkungen:<\/strong><br \/>Ab 600 mg \/ Tag besitzt Vitamin C eine harntreibende Wirkung. Hohe Dosen (mehr als 2g \/ Tag) k\u00f6nnen Durchfall verursachen. T\u00e4gliche Dosen von 4-12 g (entspricht 4-12 Brausetabletten) k\u00f6nnen die Bildung von Nierensteinen f\u00f6rdern. Hohe Dosen an Vitamin C k\u00f6nnen die Werte von Harnzuckertests verf\u00e4lschen.<\/p>\n<p><strong>Wechselwirkungen:<\/strong><br \/>Vitamin C kann falsch negative Werte bei der Blutzuckerbestimmung (Farbreaktion beim Glukoseoxydase-Test) hervorrufen.<br \/><strong><br \/>Gew\u00f6hnungseffekte:<\/strong><br \/>Sind bisher nicht bekannt geworden.<\/p>\n<h3>Besondere Warnhinweise zur sicheren Anwendung:<\/h3>\n<p>Bei Auftreten von Magen-Darm-Beschwerden, Nierenschmerzen (Steine) melden Sie dies unverz\u00fcglich dem Am. Bei Fortbestand der Beschwerden oder wenn der erwartete Erfolg durch die Anwendung nicht eintritt, ist ehestens eine \u00e4rztliche Beratung erforderlich.<br \/>Befragen Sie Ihren Arzt zur weiteren Einnahme von Vitamin C bei Eintritt einer Schwangerschaft.<br \/>Ce-Limo-Brausetabletten k\u00f6nnen von Zuckerkranken genommen werden. Verfalldatum beachten.<br \/>F\u00fcr Kinder unerreichbar aufbewahren.<\/p>\n<h3>Lagerungshinweise:<\/h3>\n<p>Lichtschutz erforderlich, R\u00f6hrchen stets gut verschlossen halten.<br \/>Brausetabletten vor Feuchtigkeit sch\u00fctzen.<br \/>Bei UnkIarheiten fachliche Beratung einholen.<\/p>\n<h3>Zusammensetzung:<\/h3>\n<p>1 Brausetablette enth\u00e4lt Vitamin C (Ascorbins\u00e4ure) 1000 mg, Saccharin-Natrium 20 mg und Mannit 10 mg.<\/p>\n","protected":false},"excerpt":{"rendered":"<p>Eigenschaften und Wirksamkeit: Vitamin C hat eine allgemein aktivierende Wirkung auf das Stoffwechselgeschehen im Organismus.Ascorbins\u00e4ure ist unbedingt notwendig f\u00fcr die Bildung der Knorpel, Knochen und Z\u00e4hne, es unterst\u00fctzt die Infektabwehr und Wundheilung und f\u00f6rdert die Blutbildung.Ein Absinken des Vitamin C-Spiegels ist der Grund f\u00fcr viele krankhafte Zust\u00e4nde.Es besteht ein sehr gro\u00dfer Spielraum vom ersten Krankheitszeichen [&hellip;]<\/p>\n","protected":false},"featured_media":66865,"template":"","meta":{"_acf_changed":false},"product_brand":[1316],"product_cat":[337],"product_tag":[],"class_list":{"0":"post-66863","1":"product","2":"type-product","3":"status-publish","4":"has-post-thumbnail","6":"product_brand-celimo","7":"product_cat-c","8":"pa_packungsgroesse-30-stueck","10":"first","11":"instock","12":"shipping-taxable","13":"purchasable","14":"product-type-simple"},"acf":[],"_links":{"self":[{"href":"https:\/\/www.hirtenberg-apotheke.at\/katalog\/wp-json\/wp\/v2\/product\/66863","targetHints":{"allow":["GET"]}}],"collection":[{"href":"https:\/\/www.hirtenberg-apotheke.at\/katalog\/wp-json\/wp\/v2\/product"}],"about":[{"href":"https:\/\/www.hirtenberg-apotheke.at\/katalog\/wp-json\/wp\/v2\/types\/product"}],"wp:featuredmedia":[{"embeddable":true,"href":"https:\/\/www.hirtenberg-apotheke.at\/katalog\/wp-json\/wp\/v2\/media\/66865"}],"wp:attachment":[{"href":"https:\/\/www.hirtenberg-apotheke.at\/katalog\/wp-json\/wp\/v2\/media?parent=66863"}],"wp:term":[{"taxonomy":"product_brand","embeddable":true,"href":"https:\/\/www.hirtenberg-apotheke.at\/katalog\/wp-json\/wp\/v2\/product_brand?post=66863"},{"taxonomy":"product_cat","embeddable":true,"href":"https:\/\/www.hirtenberg-apotheke.at\/katalog\/wp-json\/wp\/v2\/product_cat?post=66863"},{"taxonomy":"product_tag","embeddable":true,"href":"https:\/\/www.hirtenberg-apotheke.at\/katalog\/wp-json\/wp\/v2\/product_tag?post=66863"}],"curies":[{"name":"wp","href":"https:\/\/api.w.org\/{rel}","templated":true}]}}