{"id":66878,"date":"2025-11-26T23:05:09","date_gmt":"2025-11-26T22:05:09","guid":{"rendered":"https:\/\/www.hirtenberg-apotheke.at\/katalog\/produkt\/tavipec-kapseln\/"},"modified":"2025-11-26T23:05:23","modified_gmt":"2025-11-26T22:05:23","slug":"tavipec-kapseln","status":"publish","type":"product","link":"https:\/\/www.hirtenberg-apotheke.at\/katalog\/produkt\/tavipec-kapseln\/","title":{"rendered":"Tavipec Kapseln"},"content":{"rendered":"<p>Tavipec ist ein pflanzliches Arzneimittel zur Behandlung der Beschwerden einer akuten Bronchitis sowie zur unterst\u00fctzenden Behandlung bei Entz\u00fcndungen der Nasennebenh\u00f6hlen oder Husten im Zusammenhang mit einer Erk\u00e4ltung.<\/p>\n","protected":false},"excerpt":{"rendered":"<p>Tavipec ist ein pflanzliches Arzneimittel zur Behandlung der Beschwerden einer akuten Bronchitis sowie zur unterst\u00fctzenden Behandlung bei Entz\u00fcndungen der Nasennebenh\u00f6hlen oder Husten im Zusammenhang mit einer Erk\u00e4ltung.<\/p>\n","protected":false},"featured_media":66880,"template":"","meta":{"_acf_changed":false},"product_brand":[],"product_cat":[319],"product_tag":[],"class_list":{"0":"post-66878","1":"product","2":"type-product","3":"status-publish","4":"has-post-thumbnail","6":"product_cat-t","7":"pa_packungsgroesse-30-stueck","9":"first","10":"instock","11":"shipping-taxable","12":"purchasable","13":"product-type-simple"},"acf":[],"_links":{"self":[{"href":"https:\/\/www.hirtenberg-apotheke.at\/katalog\/wp-json\/wp\/v2\/product\/66878","targetHints":{"allow":["GET"]}}],"collection":[{"href":"https:\/\/www.hirtenberg-apotheke.at\/katalog\/wp-json\/wp\/v2\/product"}],"about":[{"href":"https:\/\/www.hirtenberg-apotheke.at\/katalog\/wp-json\/wp\/v2\/types\/product"}],"wp:featuredmedia":[{"embeddable":true,"href":"https:\/\/www.hirtenberg-apotheke.at\/katalog\/wp-json\/wp\/v2\/media\/66880"}],"wp:attachment":[{"href":"https:\/\/www.hirtenberg-apotheke.at\/katalog\/wp-json\/wp\/v2\/media?parent=66878"}],"wp:term":[{"taxonomy":"product_brand","embeddable":true,"href":"https:\/\/www.hirtenberg-apotheke.at\/katalog\/wp-json\/wp\/v2\/product_brand?post=66878"},{"taxonomy":"product_cat","embeddable":true,"href":"https:\/\/www.hirtenberg-apotheke.at\/katalog\/wp-json\/wp\/v2\/product_cat?post=66878"},{"taxonomy":"product_tag","embeddable":true,"href":"https:\/\/www.hirtenberg-apotheke.at\/katalog\/wp-json\/wp\/v2\/product_tag?post=66878"}],"curies":[{"name":"wp","href":"https:\/\/api.w.org\/{rel}","templated":true}]}}