{"id":66882,"date":"2025-11-26T23:05:09","date_gmt":"2025-11-26T22:05:09","guid":{"rendered":"https:\/\/www.hirtenberg-apotheke.at\/katalog\/produkt\/mucosolvan-75-mg-1-ml-loesung\/"},"modified":"2025-11-26T23:05:34","modified_gmt":"2025-11-26T22:05:34","slug":"mucosolvan-75-mg-1-ml-loesung","status":"publish","type":"product","link":"https:\/\/www.hirtenberg-apotheke.at\/katalog\/produkt\/mucosolvan-75-mg-1-ml-loesung\/","title":{"rendered":"Mucosolvan 7,5 mg\/1 ml L\u00f6sung"},"content":{"rendered":"<p>Mucosolvan 7,5 mg\/1 ml L\u00f6sung wird zusammen mit reichlich Fl\u00fcssigkeit angewendet zur schleiml\u00f6senden Behandlung bei akuten und chronischen Erkrankungen der Bronchien und der Lunge.<\/p>\n","protected":false},"excerpt":{"rendered":"<p>Mucosolvan 7,5 mg\/1 ml L\u00f6sung wird zusammen mit reichlich Fl\u00fcssigkeit angewendet zur schleiml\u00f6senden Behandlung bei akuten und chronischen Erkrankungen der Bronchien und der Lunge.<\/p>\n","protected":false},"featured_media":66884,"template":"","meta":{"_acf_changed":false},"product_brand":[],"product_cat":[308],"product_tag":[],"class_list":{"0":"post-66882","1":"product","2":"type-product","3":"status-publish","4":"has-post-thumbnail","6":"product_cat-m","7":"pa_packungsgroesse-100ml","9":"first","10":"instock","11":"shipping-taxable","12":"purchasable","13":"product-type-simple"},"acf":[],"_links":{"self":[{"href":"https:\/\/www.hirtenberg-apotheke.at\/katalog\/wp-json\/wp\/v2\/product\/66882","targetHints":{"allow":["GET"]}}],"collection":[{"href":"https:\/\/www.hirtenberg-apotheke.at\/katalog\/wp-json\/wp\/v2\/product"}],"about":[{"href":"https:\/\/www.hirtenberg-apotheke.at\/katalog\/wp-json\/wp\/v2\/types\/product"}],"wp:featuredmedia":[{"embeddable":true,"href":"https:\/\/www.hirtenberg-apotheke.at\/katalog\/wp-json\/wp\/v2\/media\/66884"}],"wp:attachment":[{"href":"https:\/\/www.hirtenberg-apotheke.at\/katalog\/wp-json\/wp\/v2\/media?parent=66882"}],"wp:term":[{"taxonomy":"product_brand","embeddable":true,"href":"https:\/\/www.hirtenberg-apotheke.at\/katalog\/wp-json\/wp\/v2\/product_brand?post=66882"},{"taxonomy":"product_cat","embeddable":true,"href":"https:\/\/www.hirtenberg-apotheke.at\/katalog\/wp-json\/wp\/v2\/product_cat?post=66882"},{"taxonomy":"product_tag","embeddable":true,"href":"https:\/\/www.hirtenberg-apotheke.at\/katalog\/wp-json\/wp\/v2\/product_tag?post=66882"}],"curies":[{"name":"wp","href":"https:\/\/api.w.org\/{rel}","templated":true}]}}