{"id":66957,"date":"2025-11-26T23:07:11","date_gmt":"2025-11-26T22:07:11","guid":{"rendered":"https:\/\/www.hirtenberg-apotheke.at\/katalog\/produkt\/vibrocil-nasentropfen\/"},"modified":"2025-11-26T23:07:32","modified_gmt":"2025-11-26T22:07:32","slug":"vibrocil-nasentropfen","status":"publish","type":"product","link":"https:\/\/www.hirtenberg-apotheke.at\/katalog\/produkt\/vibrocil-nasentropfen\/","title":{"rendered":"Vibrocil Nasentropfen"},"content":{"rendered":"<p>Vibrocil wird angewendet bei akutem Schnupfen zur Abschwellung der Nasenschleimhaut und Einschr\u00e4nkung des &#8222;Nasenrinnens&#8220;, bei pl\u00f6tzlicher Verschlimmerung eines chronischen, allergischen (z.B. Heuschnupfen) und nerv\u00f6sen Schnupfens sowie bei Nasennebenh\u00f6hlenentz\u00fcndungen als Zusatzbehandlung. Die Nasentropfen befreien die Nase und sorgen daf\u00fcr, dass nicht mehr so viel Sekret gebildet wird.<\/p>\n","protected":false},"excerpt":{"rendered":"<p>Vibrocil wird angewendet bei akutem Schnupfen zur Abschwellung der Nasenschleimhaut und Einschr\u00e4nkung des &#8222;Nasenrinnens&#8220;, bei pl\u00f6tzlicher Verschlimmerung eines chronischen, allergischen (z.B. Heuschnupfen) und nerv\u00f6sen Schnupfens sowie bei Nasennebenh\u00f6hlenentz\u00fcndungen als Zusatzbehandlung. Die Nasentropfen befreien die Nase und sorgen daf\u00fcr, dass nicht mehr so viel Sekret gebildet wird.<\/p>\n","protected":false},"featured_media":66959,"template":"","meta":{"_acf_changed":false},"product_brand":[],"product_cat":[300],"product_tag":[],"class_list":{"0":"post-66957","1":"product","2":"type-product","3":"status-publish","4":"has-post-thumbnail","6":"product_cat-v","7":"pa_packungsgroesse-15ml","9":"first","10":"instock","11":"shipping-taxable","12":"purchasable","13":"product-type-simple"},"acf":[],"_links":{"self":[{"href":"https:\/\/www.hirtenberg-apotheke.at\/katalog\/wp-json\/wp\/v2\/product\/66957","targetHints":{"allow":["GET"]}}],"collection":[{"href":"https:\/\/www.hirtenberg-apotheke.at\/katalog\/wp-json\/wp\/v2\/product"}],"about":[{"href":"https:\/\/www.hirtenberg-apotheke.at\/katalog\/wp-json\/wp\/v2\/types\/product"}],"wp:featuredmedia":[{"embeddable":true,"href":"https:\/\/www.hirtenberg-apotheke.at\/katalog\/wp-json\/wp\/v2\/media\/66959"}],"wp:attachment":[{"href":"https:\/\/www.hirtenberg-apotheke.at\/katalog\/wp-json\/wp\/v2\/media?parent=66957"}],"wp:term":[{"taxonomy":"product_brand","embeddable":true,"href":"https:\/\/www.hirtenberg-apotheke.at\/katalog\/wp-json\/wp\/v2\/product_brand?post=66957"},{"taxonomy":"product_cat","embeddable":true,"href":"https:\/\/www.hirtenberg-apotheke.at\/katalog\/wp-json\/wp\/v2\/product_cat?post=66957"},{"taxonomy":"product_tag","embeddable":true,"href":"https:\/\/www.hirtenberg-apotheke.at\/katalog\/wp-json\/wp\/v2\/product_tag?post=66957"}],"curies":[{"name":"wp","href":"https:\/\/api.w.org\/{rel}","templated":true}]}}